{"id":5418,"date":"2022-08-17T22:39:13","date_gmt":"2022-08-17T22:39:13","guid":{"rendered":"https:\/\/kekesreka.com\/?page_id=5418"},"modified":"2023-05-25T11:15:39","modified_gmt":"2023-05-25T11:15:39","slug":"erotikus-masszor-kepzes-jelentkezes","status":"publish","type":"page","link":"https:\/\/kekesreka.com\/en\/erotikus-masszor-kepzes-jelentkezes\/","title":{"rendered":"Erotikus Massz\u0151r K\u00e9pz\u00e9s Jelentkez\u00e9s"},"content":{"rendered":"<div data-elementor-type=\"wp-page\" data-elementor-id=\"5418\" class=\"elementor elementor-5418\" data-elementor-post-type=\"page\">\n\t\t\t\t\t\t<section class=\"elementor-section elementor-top-section elementor-element elementor-element-4ec6cc51 elementor-section-boxed elementor-section-height-default elementor-section-height-default\" data-id=\"4ec6cc51\" data-element_type=\"section\" data-e-type=\"section\" data-settings=\"{&quot;background_background&quot;:&quot;classic&quot;}\">\n\t\t\t\t\t\t\t<div class=\"elementor-background-overlay\"><\/div>\n\t\t\t\t\t\t\t<div class=\"elementor-container elementor-column-gap-default\">\n\t\t\t\t\t<div class=\"elementor-column elementor-col-100 elementor-top-column elementor-element elementor-element-b70849b\" data-id=\"b70849b\" data-element_type=\"column\" data-e-type=\"column\">\n\t\t\t<div class=\"elementor-widget-wrap elementor-element-populated\">\n\t\t\t\t\t\t<div class=\"elementor-element elementor-element-71678df1 elementor-widget elementor-widget-heading\" data-id=\"71678df1\" data-element_type=\"widget\" data-e-type=\"widget\" data-widget_type=\"heading.default\">\n\t\t\t\t<div class=\"elementor-widget-container\">\n\t\t\t\t\t<h1 class=\"elementor-heading-title elementor-size-default\">Erotikus Massz\u0151r <br \/> K\u00e9pz\u00e9s <br \/> Application<\/h1>\t\t\t\t<\/div>\n\t\t\t\t<\/div>\n\t\t\t\t\t<\/div>\n\t\t<\/div>\n\t\t\t\t\t<\/div>\n\t\t<\/section>\n\t\t\t\t<section class=\"elementor-section elementor-top-section elementor-element elementor-element-fb71254 elementor-section-boxed elementor-section-height-default elementor-section-height-default\" data-id=\"fb71254\" data-element_type=\"section\" data-e-type=\"section\" data-settings=\"{&quot;background_background&quot;:&quot;classic&quot;}\">\n\t\t\t\t\t\t<div class=\"elementor-container elementor-column-gap-no\">\n\t\t\t\t\t<div class=\"elementor-column elementor-col-100 elementor-top-column elementor-element elementor-element-3041744f\" data-id=\"3041744f\" data-element_type=\"column\" data-e-type=\"column\" data-settings=\"{&quot;background_background&quot;:&quot;classic&quot;}\">\n\t\t\t<div class=\"elementor-widget-wrap elementor-element-populated\">\n\t\t\t\t\t\t<div class=\"elementor-element elementor-element-622d749f elementor-widget elementor-widget-image\" data-id=\"622d749f\" data-element_type=\"widget\" data-e-type=\"widget\" data-widget_type=\"image.default\">\n\t\t\t\t<div class=\"elementor-widget-container\">\n\t\t\t\t\t\t\t\t\t\t\t\t\t\t\t<img fetchpriority=\"high\" decoding=\"async\" width=\"300\" height=\"300\" src=\"https:\/\/kekesreka.com\/wp-content\/uploads\/2022\/08\/KR_logo_koptatva4fek-300x300.png\" class=\"attachment-medium size-medium wp-image-7397\" alt=\"kekes reka\" srcset=\"https:\/\/kekesreka.com\/wp-content\/uploads\/2022\/08\/KR_logo_koptatva4fek-300x300.png 300w, https:\/\/kekesreka.com\/wp-content\/uploads\/2022\/08\/KR_logo_koptatva4fek-150x150.png 150w, https:\/\/kekesreka.com\/wp-content\/uploads\/2022\/08\/KR_logo_koptatva4fek-12x12.png 12w, https:\/\/kekesreka.com\/wp-content\/uploads\/2022\/08\/KR_logo_koptatva4fek-100x100.png 100w, https:\/\/kekesreka.com\/wp-content\/uploads\/2022\/08\/KR_logo_koptatva4fek-50x50.png 50w, https:\/\/kekesreka.com\/wp-content\/uploads\/2022\/08\/elementor\/thumbs\/KR_logo_koptatva4fek-pv39xouz9g1opbe3zjekucq2bjrhkf0d1pmpvtsvfk.png 80w, https:\/\/kekesreka.com\/wp-content\/uploads\/2022\/08\/KR_logo_koptatva4fek.png 577w\" sizes=\"(max-width: 300px) 100vw, 300px\" \/>\t\t\t\t\t\t\t\t\t\t\t\t\t\t\t<\/div>\n\t\t\t\t<\/div>\n\t\t\t\t<div class=\"elementor-element elementor-element-9273919 fluentform-widget-submit-button-full-width fluent-form-widget-step-progressbar-yes elementor-widget elementor-widget-fluent-form-widget\" data-id=\"9273919\" data-element_type=\"widget\" data-e-type=\"widget\" data-no-translation=\"\" data-widget_type=\"fluent-form-widget.default\">\n\t\t\t\t<div class=\"elementor-widget-container\">\n\t\t\t\t\t<style>.elementor-element-9273919{display:none !important}<\/style>\t\t\t\t<\/div>\n\t\t\t\t<\/div>\n\t\t\t\t\t<\/div>\n\t\t<\/div>\n\t\t\t\t\t<\/div>\n\t\t<\/section>\n\t\t\t\t<\/div>","protected":false},"excerpt":{"rendered":"<p>Erotikus Massz\u0151r K\u00e9pz\u00e9s Jelentkez\u00e9s JELENTKEZ\u00c9S &#8211; EROTIKUS MASSZ\u0150R K\u00c9PZ\u00c9S Vezet\u00e9kn\u00e9v Keresztn\u00e9v Email Telefonsz\u00e1m Nem &#8212;F\u00e9rfiN\u0151Egy\u00e9b\u00c9letkor Milyen c\u00e9llal jelentkezel a k\u00e9pz\u00e9sre? A k\u00e9pz\u00e9s a feln\u0151ttoktat\u00e1sr\u00f3l sz\u00f3l\u00f3 2013. \u00e9vi LXXVII. t\u00f6rv\u00e9ny alapj\u00e1n bejelent\u00e9sk\u00f6teles k\u00e9pz\u00e9snek min\u0151s\u00fcl, elv\u00e9gz\u00e9se eset\u00e9n a k\u00e9pz\u00e9sr\u0151l tan\u00fas\u00edtv\u00e1nyt \u00e1ll\u00edtunk ki, ez\u00e9rt a k\u00e9pz\u00e9sen val\u00f3 r\u00e9szv\u00e9telhez az al\u00e1bbi adatok megad\u00e1sa is sz\u00fcks\u00e9ges. Sz\u00fclet\u00e9si n\u00e9v Anyja neve [&hellip;]<\/p>\n","protected":false},"author":1,"featured_media":0,"parent":0,"menu_order":0,"comment_status":"closed","ping_status":"closed","template":"elementor_header_footer","meta":{"_acf_changed":false,"footnotes":""},"class_list":["post-5418","page","type-page","status-publish","hentry"],"acf":[],"yoast_head":"<!-- This site is optimized with the Yoast SEO Premium plugin v27.2 (Yoast SEO v27.5) - https:\/\/yoast.com\/product\/yoast-seo-premium-wordpress\/ -->\n<title>Erotikus Massz\u0151r K\u00e9pz\u00e9s Jelentkez\u00e9s - K\u00e9kes R\u00e9ka<\/title>\n<meta name=\"robots\" content=\"noindex, nofollow\" \/>\n<meta property=\"og:locale\" content=\"en_US\" \/>\n<meta property=\"og:type\" content=\"article\" \/>\n<meta property=\"og:title\" content=\"Erotikus Massz\u0151r K\u00e9pz\u00e9s Jelentkez\u00e9s\" \/>\n<meta property=\"og:description\" content=\"Erotikus Massz\u0151r K\u00e9pz\u00e9s Jelentkez\u00e9s JELENTKEZ\u00c9S &#8211; EROTIKUS MASSZ\u0150R K\u00c9PZ\u00c9S Vezet\u00e9kn\u00e9v Keresztn\u00e9v Email Telefonsz\u00e1m Nem &#8212;F\u00e9rfiN\u0151Egy\u00e9b\u00c9letkor Milyen c\u00e9llal jelentkezel a k\u00e9pz\u00e9sre? A k\u00e9pz\u00e9s a feln\u0151ttoktat\u00e1sr\u00f3l sz\u00f3l\u00f3 2013. \u00e9vi LXXVII. t\u00f6rv\u00e9ny alapj\u00e1n bejelent\u00e9sk\u00f6teles k\u00e9pz\u00e9snek min\u0151s\u00fcl, elv\u00e9gz\u00e9se eset\u00e9n a k\u00e9pz\u00e9sr\u0151l tan\u00fas\u00edtv\u00e1nyt \u00e1ll\u00edtunk ki, ez\u00e9rt a k\u00e9pz\u00e9sen val\u00f3 r\u00e9szv\u00e9telhez az al\u00e1bbi adatok megad\u00e1sa is sz\u00fcks\u00e9ges. Sz\u00fclet\u00e9si n\u00e9v Anyja neve [&hellip;]\" \/>\n<meta property=\"og:url\" content=\"https:\/\/kekesreka.com\/en\/erotic-masseur-training-application-form\/\" \/>\n<meta property=\"og:site_name\" content=\"K\u00e9kes R\u00e9ka\" \/>\n<meta property=\"article:modified_time\" content=\"2023-05-25T11:15:39+00:00\" \/>\n<meta property=\"og:image\" content=\"https:\/\/kekesreka.com\/wp-content\/uploads\/2022\/08\/KR_logo_koptatva4fek-300x300.png\" \/>\n<meta name=\"twitter:card\" content=\"summary_large_image\" \/>\n<script type=\"application\/ld+json\" class=\"yoast-schema-graph\">{\"@context\":\"https:\\\/\\\/schema.org\",\"@graph\":[{\"@type\":\"WebPage\",\"@id\":\"https:\\\/\\\/kekesreka.com\\\/erotikus-masszor-kepzes-jelentkezes\\\/\",\"url\":\"https:\\\/\\\/kekesreka.com\\\/erotikus-masszor-kepzes-jelentkezes\\\/\",\"name\":\"Erotikus Massz\u0151r K\u00e9pz\u00e9s Jelentkez\u00e9s - K\u00e9kes R\u00e9ka\",\"isPartOf\":{\"@id\":\"https:\\\/\\\/kekesreka.com\\\/#website\"},\"primaryImageOfPage\":{\"@id\":\"https:\\\/\\\/kekesreka.com\\\/erotikus-masszor-kepzes-jelentkezes\\\/#primaryimage\"},\"image\":{\"@id\":\"https:\\\/\\\/kekesreka.com\\\/erotikus-masszor-kepzes-jelentkezes\\\/#primaryimage\"},\"thumbnailUrl\":\"https:\\\/\\\/kekesreka.com\\\/wp-content\\\/uploads\\\/2022\\\/08\\\/KR_logo_koptatva4fek-300x300.png\",\"datePublished\":\"2022-08-17T22:39:13+00:00\",\"dateModified\":\"2023-05-25T11:15:39+00:00\",\"breadcrumb\":{\"@id\":\"https:\\\/\\\/kekesreka.com\\\/erotikus-masszor-kepzes-jelentkezes\\\/#breadcrumb\"},\"inLanguage\":\"en-US\",\"potentialAction\":[{\"@type\":\"ReadAction\",\"target\":[\"https:\\\/\\\/kekesreka.com\\\/erotikus-masszor-kepzes-jelentkezes\\\/\"]}]},{\"@type\":\"ImageObject\",\"inLanguage\":\"en-US\",\"@id\":\"https:\\\/\\\/kekesreka.com\\\/erotikus-masszor-kepzes-jelentkezes\\\/#primaryimage\",\"url\":\"https:\\\/\\\/kekesreka.com\\\/wp-content\\\/uploads\\\/2022\\\/08\\\/KR_logo_koptatva4fek-300x300.png\",\"contentUrl\":\"https:\\\/\\\/kekesreka.com\\\/wp-content\\\/uploads\\\/2022\\\/08\\\/KR_logo_koptatva4fek-300x300.png\"},{\"@type\":\"BreadcrumbList\",\"@id\":\"https:\\\/\\\/kekesreka.com\\\/erotikus-masszor-kepzes-jelentkezes\\\/#breadcrumb\",\"itemListElement\":[{\"@type\":\"ListItem\",\"position\":1,\"name\":\"Home\",\"item\":\"https:\\\/\\\/kekesreka.com\\\/\"},{\"@type\":\"ListItem\",\"position\":2,\"name\":\"Erotikus Massz\u0151r K\u00e9pz\u00e9s Jelentkez\u00e9s\"}]},{\"@type\":\"WebSite\",\"@id\":\"https:\\\/\\\/kekesreka.com\\\/#website\",\"url\":\"https:\\\/\\\/kekesreka.com\\\/\",\"name\":\"K\u00e9kes R\u00e9ka\",\"description\":\"Az Orgazmikus \u00c9let M\u0171v\u00e9szete\",\"publisher\":{\"@id\":\"https:\\\/\\\/kekesreka.com\\\/#organization\"},\"alternateName\":\"Szexu\u00e1lis \u00f6nismeret \u00e9s orgazmustudatoss\u00e1g K\u00e9kes R\u00e9k\u00e1val\",\"potentialAction\":[{\"@type\":\"SearchAction\",\"target\":{\"@type\":\"EntryPoint\",\"urlTemplate\":\"https:\\\/\\\/kekesreka.com\\\/?s={search_term_string}\"},\"query-input\":{\"@type\":\"PropertyValueSpecification\",\"valueRequired\":true,\"valueName\":\"search_term_string\"}}],\"inLanguage\":\"en-US\"},{\"@type\":\"Organization\",\"@id\":\"https:\\\/\\\/kekesreka.com\\\/#organization\",\"name\":\"K\u00e9kes R\u00e9ka\",\"alternateName\":\"Szexu\u00e1lis \u00f6nismeret \u00e9s orgazmustudatoss\u00e1g K\u00e9kes R\u00e9k\u00e1val\",\"url\":\"https:\\\/\\\/kekesreka.com\\\/\",\"logo\":{\"@type\":\"ImageObject\",\"inLanguage\":\"en-US\",\"@id\":\"https:\\\/\\\/kekesreka.com\\\/#\\\/schema\\\/logo\\\/image\\\/\",\"url\":\"https:\\\/\\\/kekesreka.com\\\/wp-content\\\/uploads\\\/2022\\\/08\\\/KR_logo_koptatva1fek-1024x1024.png\",\"contentUrl\":\"https:\\\/\\\/kekesreka.com\\\/wp-content\\\/uploads\\\/2022\\\/08\\\/KR_logo_koptatva1fek-1024x1024.png\",\"width\":1024,\"height\":1024,\"caption\":\"K\u00e9kes R\u00e9ka\"},\"image\":{\"@id\":\"https:\\\/\\\/kekesreka.com\\\/#\\\/schema\\\/logo\\\/image\\\/\"}}]}<\/script>\n<!-- \/ Yoast SEO Premium plugin. -->","yoast_head_json":{"title":"Erotikus Massz\u0151r K\u00e9pz\u00e9s Jelentkez\u00e9s - K\u00e9kes R\u00e9ka","robots":{"index":"noindex","follow":"nofollow"},"og_locale":"en_US","og_type":"article","og_title":"Erotikus Massz\u0151r K\u00e9pz\u00e9s Jelentkez\u00e9s","og_description":"Erotikus Massz\u0151r K\u00e9pz\u00e9s Jelentkez\u00e9s JELENTKEZ\u00c9S &#8211; EROTIKUS MASSZ\u0150R K\u00c9PZ\u00c9S Vezet\u00e9kn\u00e9v Keresztn\u00e9v Email Telefonsz\u00e1m Nem &#8212;F\u00e9rfiN\u0151Egy\u00e9b\u00c9letkor Milyen c\u00e9llal jelentkezel a k\u00e9pz\u00e9sre? A k\u00e9pz\u00e9s a feln\u0151ttoktat\u00e1sr\u00f3l sz\u00f3l\u00f3 2013. \u00e9vi LXXVII. t\u00f6rv\u00e9ny alapj\u00e1n bejelent\u00e9sk\u00f6teles k\u00e9pz\u00e9snek min\u0151s\u00fcl, elv\u00e9gz\u00e9se eset\u00e9n a k\u00e9pz\u00e9sr\u0151l tan\u00fas\u00edtv\u00e1nyt \u00e1ll\u00edtunk ki, ez\u00e9rt a k\u00e9pz\u00e9sen val\u00f3 r\u00e9szv\u00e9telhez az al\u00e1bbi adatok megad\u00e1sa is sz\u00fcks\u00e9ges. Sz\u00fclet\u00e9si n\u00e9v Anyja neve [&hellip;]","og_url":"https:\/\/kekesreka.com\/en\/erotic-masseur-training-application-form\/","og_site_name":"K\u00e9kes R\u00e9ka","article_modified_time":"2023-05-25T11:15:39+00:00","og_image":[{"url":"https:\/\/kekesreka.com\/wp-content\/uploads\/2022\/08\/KR_logo_koptatva4fek-300x300.png","type":"","width":"","height":""}],"twitter_card":"summary_large_image","schema":{"@context":"https:\/\/schema.org","@graph":[{"@type":"WebPage","@id":"https:\/\/kekesreka.com\/erotikus-masszor-kepzes-jelentkezes\/","url":"https:\/\/kekesreka.com\/erotikus-masszor-kepzes-jelentkezes\/","name":"Erotikus Massz\u0151r K\u00e9pz\u00e9s Jelentkez\u00e9s - K\u00e9kes R\u00e9ka","isPartOf":{"@id":"https:\/\/kekesreka.com\/#website"},"primaryImageOfPage":{"@id":"https:\/\/kekesreka.com\/erotikus-masszor-kepzes-jelentkezes\/#primaryimage"},"image":{"@id":"https:\/\/kekesreka.com\/erotikus-masszor-kepzes-jelentkezes\/#primaryimage"},"thumbnailUrl":"https:\/\/kekesreka.com\/wp-content\/uploads\/2022\/08\/KR_logo_koptatva4fek-300x300.png","datePublished":"2022-08-17T22:39:13+00:00","dateModified":"2023-05-25T11:15:39+00:00","breadcrumb":{"@id":"https:\/\/kekesreka.com\/erotikus-masszor-kepzes-jelentkezes\/#breadcrumb"},"inLanguage":"en-US","potentialAction":[{"@type":"ReadAction","target":["https:\/\/kekesreka.com\/erotikus-masszor-kepzes-jelentkezes\/"]}]},{"@type":"ImageObject","inLanguage":"en-US","@id":"https:\/\/kekesreka.com\/erotikus-masszor-kepzes-jelentkezes\/#primaryimage","url":"https:\/\/kekesreka.com\/wp-content\/uploads\/2022\/08\/KR_logo_koptatva4fek-300x300.png","contentUrl":"https:\/\/kekesreka.com\/wp-content\/uploads\/2022\/08\/KR_logo_koptatva4fek-300x300.png"},{"@type":"BreadcrumbList","@id":"https:\/\/kekesreka.com\/erotikus-masszor-kepzes-jelentkezes\/#breadcrumb","itemListElement":[{"@type":"ListItem","position":1,"name":"Home","item":"https:\/\/kekesreka.com\/"},{"@type":"ListItem","position":2,"name":"Erotikus Massz\u0151r K\u00e9pz\u00e9s Jelentkez\u00e9s"}]},{"@type":"WebSite","@id":"https:\/\/kekesreka.com\/#website","url":"https:\/\/kekesreka.com\/","name":"R\u00e9ka K\u00e9kes","description":"Az Orgazmikus \u00c9let M\u0171v\u00e9szete","publisher":{"@id":"https:\/\/kekesreka.com\/#organization"},"alternateName":"Szexu\u00e1lis \u00f6nismeret \u00e9s orgazmustudatoss\u00e1g K\u00e9kes R\u00e9k\u00e1val","potentialAction":[{"@type":"SearchAction","target":{"@type":"EntryPoint","urlTemplate":"https:\/\/kekesreka.com\/?s={search_term_string}"},"query-input":{"@type":"PropertyValueSpecification","valueRequired":true,"valueName":"search_term_string"}}],"inLanguage":"en-US"},{"@type":"Organization","@id":"https:\/\/kekesreka.com\/#organization","name":"R\u00e9ka K\u00e9kes","alternateName":"Szexu\u00e1lis \u00f6nismeret \u00e9s orgazmustudatoss\u00e1g K\u00e9kes R\u00e9k\u00e1val","url":"https:\/\/kekesreka.com\/","logo":{"@type":"ImageObject","inLanguage":"en-US","@id":"https:\/\/kekesreka.com\/#\/schema\/logo\/image\/","url":"https:\/\/kekesreka.com\/wp-content\/uploads\/2022\/08\/KR_logo_koptatva1fek-1024x1024.png","contentUrl":"https:\/\/kekesreka.com\/wp-content\/uploads\/2022\/08\/KR_logo_koptatva1fek-1024x1024.png","width":1024,"height":1024,"caption":"K\u00e9kes R\u00e9ka"},"image":{"@id":"https:\/\/kekesreka.com\/#\/schema\/logo\/image\/"}}]}},"_links":{"self":[{"href":"https:\/\/kekesreka.com\/en\/wp-json\/wp\/v2\/pages\/5418","targetHints":{"allow":["GET"]}}],"collection":[{"href":"https:\/\/kekesreka.com\/en\/wp-json\/wp\/v2\/pages"}],"about":[{"href":"https:\/\/kekesreka.com\/en\/wp-json\/wp\/v2\/types\/page"}],"author":[{"embeddable":true,"href":"https:\/\/kekesreka.com\/en\/wp-json\/wp\/v2\/users\/1"}],"replies":[{"embeddable":true,"href":"https:\/\/kekesreka.com\/en\/wp-json\/wp\/v2\/comments?post=5418"}],"version-history":[{"count":0,"href":"https:\/\/kekesreka.com\/en\/wp-json\/wp\/v2\/pages\/5418\/revisions"}],"wp:attachment":[{"href":"https:\/\/kekesreka.com\/en\/wp-json\/wp\/v2\/media?parent=5418"}],"curies":[{"name":"wp","href":"https:\/\/api.w.org\/{rel}","templated":true}]}}