{"id":3,"date":"2022-06-20T11:07:16","date_gmt":"2022-06-20T11:07:16","guid":{"rendered":"https:\/\/kekesreka.com\/?page_id=3"},"modified":"2023-01-24T11:45:10","modified_gmt":"2023-01-24T11:45:10","slug":"adatvedelem","status":"publish","type":"page","link":"https:\/\/kekesreka.com\/en\/adatvedelem\/","title":{"rendered":"Privacy Policy"},"content":{"rendered":"<div data-elementor-type=\"wp-page\" data-elementor-id=\"3\" class=\"elementor elementor-3\" data-elementor-post-type=\"page\">\n\t\t\t\t\t\t<section class=\"elementor-section elementor-top-section elementor-element elementor-element-49e69377 elementor-section-boxed elementor-section-height-default elementor-section-height-default\" data-id=\"49e69377\" data-element_type=\"section\" data-e-type=\"section\">\n\t\t\t\t\t\t<div class=\"elementor-container elementor-column-gap-default\">\n\t\t\t\t\t<div class=\"elementor-column elementor-col-100 elementor-top-column elementor-element elementor-element-46c7b291\" data-id=\"46c7b291\" data-element_type=\"column\" data-e-type=\"column\">\n\t\t\t<div class=\"elementor-widget-wrap elementor-element-populated\">\n\t\t\t\t\t\t<div class=\"elementor-element elementor-element-8d9f427 elementor-widget elementor-widget-text-editor\" data-id=\"8d9f427\" data-element_type=\"widget\" data-e-type=\"widget\" data-widget_type=\"text-editor.default\">\n\t\t\t\t<div class=\"elementor-widget-container\">\n\t\t\t\t\t\t\t\t\t <iframe src=\"https:\/\/api.virtualjog.hu\/api\/v1\/document\/4719?access-token=0bfaf86c0ab9d77b4073d7a014854074\" width=\"100%\" height=\"1000\" frameborder=\"0\"><\/iframe>\n\t\t\t\t\t\t\t\t<\/div>\n\t\t\t\t<\/div>\n\t\t\t\t<div class=\"elementor-element elementor-element-aa18917 elementor-widget elementor-widget-text-editor\" data-id=\"aa18917\" data-element_type=\"widget\" data-e-type=\"widget\" data-widget_type=\"text-editor.default\">\n\t\t\t\t<div class=\"elementor-widget-container\">\n\t\t\t\t\t\t\t\t\t\n\t\t\t\t\t\t\t\t<\/div>\n\t\t\t\t<\/div>\n\t\t\t\t\t<\/div>\n\t\t<\/div>\n\t\t\t\t\t<\/div>\n\t\t<\/section>\n\t\t\t\t<\/div>","protected":false},"excerpt":{"rendered":"","protected":false},"author":1,"featured_media":0,"parent":0,"menu_order":0,"comment_status":"closed","ping_status":"closed","template":"","meta":{"_acf_changed":false,"footnotes":""},"class_list":["post-3","page","type-page","status-publish","hentry"],"acf":[],"yoast_head":"<!-- This site is optimized with the Yoast SEO Premium plugin v27.2 (Yoast SEO v27.3) - https:\/\/yoast.com\/product\/yoast-seo-premium-wordpress\/ -->\n<title>Adatv\u00e9delem - K\u00e9kes R\u00e9ka<\/title>\n<meta name=\"robots\" content=\"noindex, nofollow\" \/>\n<meta property=\"og:locale\" content=\"en_US\" \/>\n<meta property=\"og:type\" content=\"article\" \/>\n<meta property=\"og:title\" content=\"Adatv\u00e9delem\" \/>\n<meta property=\"og:url\" content=\"https:\/\/kekesreka.com\/en\/privacy-policy\/\" \/>\n<meta property=\"og:site_name\" content=\"K\u00e9kes R\u00e9ka\" \/>\n<meta property=\"article:modified_time\" content=\"2023-01-24T11:45:10+00:00\" \/>\n<meta name=\"twitter:card\" content=\"summary_large_image\" \/>\n<script type=\"application\/ld+json\" class=\"yoast-schema-graph\">{\"@context\":\"https:\\\/\\\/schema.org\",\"@graph\":[{\"@type\":\"WebPage\",\"@id\":\"https:\\\/\\\/kekesreka.com\\\/adatvedelem\\\/\",\"url\":\"https:\\\/\\\/kekesreka.com\\\/adatvedelem\\\/\",\"name\":\"Adatv\u00e9delem - K\u00e9kes R\u00e9ka\",\"isPartOf\":{\"@id\":\"https:\\\/\\\/kekesreka.com\\\/#website\"},\"datePublished\":\"2022-06-20T11:07:16+00:00\",\"dateModified\":\"2023-01-24T11:45:10+00:00\",\"breadcrumb\":{\"@id\":\"https:\\\/\\\/kekesreka.com\\\/adatvedelem\\\/#breadcrumb\"},\"inLanguage\":\"en-US\",\"potentialAction\":[{\"@type\":\"ReadAction\",\"target\":[\"https:\\\/\\\/kekesreka.com\\\/adatvedelem\\\/\"]}]},{\"@type\":\"BreadcrumbList\",\"@id\":\"https:\\\/\\\/kekesreka.com\\\/adatvedelem\\\/#breadcrumb\",\"itemListElement\":[{\"@type\":\"ListItem\",\"position\":1,\"name\":\"Home\",\"item\":\"https:\\\/\\\/kekesreka.com\\\/\"},{\"@type\":\"ListItem\",\"position\":2,\"name\":\"Adatv\u00e9delem\"}]},{\"@type\":\"WebSite\",\"@id\":\"https:\\\/\\\/kekesreka.com\\\/#website\",\"url\":\"https:\\\/\\\/kekesreka.com\\\/\",\"name\":\"K\u00e9kes R\u00e9ka\",\"description\":\"Az Orgazmikus \u00c9let M\u0171v\u00e9szete\",\"publisher\":{\"@id\":\"https:\\\/\\\/kekesreka.com\\\/#organization\"},\"alternateName\":\"Szexu\u00e1lis \u00f6nismeret \u00e9s orgazmustudatoss\u00e1g K\u00e9kes R\u00e9k\u00e1val\",\"potentialAction\":[{\"@type\":\"SearchAction\",\"target\":{\"@type\":\"EntryPoint\",\"urlTemplate\":\"https:\\\/\\\/kekesreka.com\\\/?s={search_term_string}\"},\"query-input\":{\"@type\":\"PropertyValueSpecification\",\"valueRequired\":true,\"valueName\":\"search_term_string\"}}],\"inLanguage\":\"en-US\"},{\"@type\":\"Organization\",\"@id\":\"https:\\\/\\\/kekesreka.com\\\/#organization\",\"name\":\"K\u00e9kes R\u00e9ka\",\"alternateName\":\"Szexu\u00e1lis \u00f6nismeret \u00e9s orgazmustudatoss\u00e1g K\u00e9kes R\u00e9k\u00e1val\",\"url\":\"https:\\\/\\\/kekesreka.com\\\/\",\"logo\":{\"@type\":\"ImageObject\",\"inLanguage\":\"en-US\",\"@id\":\"https:\\\/\\\/kekesreka.com\\\/#\\\/schema\\\/logo\\\/image\\\/\",\"url\":\"https:\\\/\\\/kekesreka.com\\\/wp-content\\\/uploads\\\/2022\\\/08\\\/KR_logo_koptatva1fek-1024x1024.png\",\"contentUrl\":\"https:\\\/\\\/kekesreka.com\\\/wp-content\\\/uploads\\\/2022\\\/08\\\/KR_logo_koptatva1fek-1024x1024.png\",\"width\":1024,\"height\":1024,\"caption\":\"K\u00e9kes R\u00e9ka\"},\"image\":{\"@id\":\"https:\\\/\\\/kekesreka.com\\\/#\\\/schema\\\/logo\\\/image\\\/\"}}]}<\/script>\n<!-- \/ Yoast SEO Premium plugin. -->","yoast_head_json":{"title":"Privacy Policy - R\u00e9ka K\u00e9kes","robots":{"index":"noindex","follow":"nofollow"},"og_locale":"en_US","og_type":"article","og_title":"Adatv\u00e9delem","og_url":"https:\/\/kekesreka.com\/en\/privacy-policy\/","og_site_name":"K\u00e9kes R\u00e9ka","article_modified_time":"2023-01-24T11:45:10+00:00","twitter_card":"summary_large_image","schema":{"@context":"https:\/\/schema.org","@graph":[{"@type":"WebPage","@id":"https:\/\/kekesreka.com\/adatvedelem\/","url":"https:\/\/kekesreka.com\/adatvedelem\/","name":"Privacy Policy - R\u00e9ka K\u00e9kes","isPartOf":{"@id":"https:\/\/kekesreka.com\/#website"},"datePublished":"2022-06-20T11:07:16+00:00","dateModified":"2023-01-24T11:45:10+00:00","breadcrumb":{"@id":"https:\/\/kekesreka.com\/adatvedelem\/#breadcrumb"},"inLanguage":"en-US","potentialAction":[{"@type":"ReadAction","target":["https:\/\/kekesreka.com\/adatvedelem\/"]}]},{"@type":"BreadcrumbList","@id":"https:\/\/kekesreka.com\/adatvedelem\/#breadcrumb","itemListElement":[{"@type":"ListItem","position":1,"name":"Home","item":"https:\/\/kekesreka.com\/"},{"@type":"ListItem","position":2,"name":"Adatv\u00e9delem"}]},{"@type":"WebSite","@id":"https:\/\/kekesreka.com\/#website","url":"https:\/\/kekesreka.com\/","name":"R\u00e9ka K\u00e9kes","description":"Az Orgazmikus \u00c9let M\u0171v\u00e9szete","publisher":{"@id":"https:\/\/kekesreka.com\/#organization"},"alternateName":"Szexu\u00e1lis \u00f6nismeret \u00e9s orgazmustudatoss\u00e1g K\u00e9kes R\u00e9k\u00e1val","potentialAction":[{"@type":"SearchAction","target":{"@type":"EntryPoint","urlTemplate":"https:\/\/kekesreka.com\/?s={search_term_string}"},"query-input":{"@type":"PropertyValueSpecification","valueRequired":true,"valueName":"search_term_string"}}],"inLanguage":"en-US"},{"@type":"Organization","@id":"https:\/\/kekesreka.com\/#organization","name":"R\u00e9ka K\u00e9kes","alternateName":"Szexu\u00e1lis \u00f6nismeret \u00e9s orgazmustudatoss\u00e1g K\u00e9kes R\u00e9k\u00e1val","url":"https:\/\/kekesreka.com\/","logo":{"@type":"ImageObject","inLanguage":"en-US","@id":"https:\/\/kekesreka.com\/#\/schema\/logo\/image\/","url":"https:\/\/kekesreka.com\/wp-content\/uploads\/2022\/08\/KR_logo_koptatva1fek-1024x1024.png","contentUrl":"https:\/\/kekesreka.com\/wp-content\/uploads\/2022\/08\/KR_logo_koptatva1fek-1024x1024.png","width":1024,"height":1024,"caption":"K\u00e9kes R\u00e9ka"},"image":{"@id":"https:\/\/kekesreka.com\/#\/schema\/logo\/image\/"}}]}},"_links":{"self":[{"href":"https:\/\/kekesreka.com\/en\/wp-json\/wp\/v2\/pages\/3","targetHints":{"allow":["GET"]}}],"collection":[{"href":"https:\/\/kekesreka.com\/en\/wp-json\/wp\/v2\/pages"}],"about":[{"href":"https:\/\/kekesreka.com\/en\/wp-json\/wp\/v2\/types\/page"}],"author":[{"embeddable":true,"href":"https:\/\/kekesreka.com\/en\/wp-json\/wp\/v2\/users\/1"}],"replies":[{"embeddable":true,"href":"https:\/\/kekesreka.com\/en\/wp-json\/wp\/v2\/comments?post=3"}],"version-history":[{"count":1,"href":"https:\/\/kekesreka.com\/en\/wp-json\/wp\/v2\/pages\/3\/revisions"}],"predecessor-version":[{"id":22409,"href":"https:\/\/kekesreka.com\/en\/wp-json\/wp\/v2\/pages\/3\/revisions\/22409"}],"wp:attachment":[{"href":"https:\/\/kekesreka.com\/en\/wp-json\/wp\/v2\/media?parent=3"}],"curies":[{"name":"wp","href":"https:\/\/api.w.org\/{rel}","templated":true}]}}