{"id":20447,"date":"2023-06-27T12:08:06","date_gmt":"2023-06-27T12:08:06","guid":{"rendered":"https:\/\/kekesreka.com\/?page_id=20447"},"modified":"2023-06-27T12:21:49","modified_gmt":"2023-06-27T12:21:49","slug":"online-program-elojelentkezes","status":"publish","type":"page","link":"https:\/\/kekesreka.com\/en\/online-program-elojelentkezes\/","title":{"rendered":"Online Program El\u0151jelentkez\u00e9s"},"content":{"rendered":"<div data-elementor-type=\"wp-page\" data-elementor-id=\"20447\" class=\"elementor elementor-20447\" data-elementor-post-type=\"page\">\n\t\t\t\t\t\t<section class=\"elementor-section elementor-top-section elementor-element elementor-element-3da4427c elementor-section-boxed elementor-section-height-default elementor-section-height-default\" data-id=\"3da4427c\" data-element_type=\"section\" data-e-type=\"section\" data-settings=\"{&quot;background_background&quot;:&quot;classic&quot;}\">\n\t\t\t\t\t\t\t<div class=\"elementor-background-overlay\"><\/div>\n\t\t\t\t\t\t\t<div class=\"elementor-container elementor-column-gap-default\">\n\t\t\t\t\t<div class=\"elementor-column elementor-col-100 elementor-top-column elementor-element elementor-element-4e7c93a6\" data-id=\"4e7c93a6\" data-element_type=\"column\" data-e-type=\"column\">\n\t\t\t<div class=\"elementor-widget-wrap elementor-element-populated\">\n\t\t\t\t\t\t\t<\/div>\n\t\t<\/div>\n\t\t\t\t\t<\/div>\n\t\t<\/section>\n\t\t\t\t<section class=\"elementor-section elementor-top-section elementor-element elementor-element-640e12bf elementor-section-boxed elementor-section-height-default elementor-section-height-default\" data-id=\"640e12bf\" data-element_type=\"section\" data-e-type=\"section\" data-settings=\"{&quot;background_background&quot;:&quot;classic&quot;}\">\n\t\t\t\t\t\t<div class=\"elementor-container elementor-column-gap-no\">\n\t\t\t\t\t<div class=\"elementor-column elementor-col-100 elementor-top-column elementor-element elementor-element-3e9c8c71\" data-id=\"3e9c8c71\" data-element_type=\"column\" data-e-type=\"column\" data-settings=\"{&quot;background_background&quot;:&quot;classic&quot;}\">\n\t\t\t<div class=\"elementor-widget-wrap elementor-element-populated\">\n\t\t\t\t\t\t<div class=\"elementor-element elementor-element-48fde17b elementor-widget elementor-widget-image\" data-id=\"48fde17b\" data-element_type=\"widget\" data-e-type=\"widget\" data-widget_type=\"image.default\">\n\t\t\t\t<div class=\"elementor-widget-container\">\n\t\t\t\t\t\t\t\t\t\t\t\t\t\t\t<img fetchpriority=\"high\" decoding=\"async\" width=\"300\" height=\"300\" src=\"https:\/\/kekesreka.com\/wp-content\/uploads\/2022\/08\/KR_logo_koptatva4fek-300x300.png\" class=\"attachment-medium size-medium wp-image-7397\" alt=\"kekes reka\" srcset=\"https:\/\/kekesreka.com\/wp-content\/uploads\/2022\/08\/KR_logo_koptatva4fek-300x300.png 300w, https:\/\/kekesreka.com\/wp-content\/uploads\/2022\/08\/KR_logo_koptatva4fek-150x150.png 150w, https:\/\/kekesreka.com\/wp-content\/uploads\/2022\/08\/KR_logo_koptatva4fek-12x12.png 12w, https:\/\/kekesreka.com\/wp-content\/uploads\/2022\/08\/KR_logo_koptatva4fek-100x100.png 100w, https:\/\/kekesreka.com\/wp-content\/uploads\/2022\/08\/KR_logo_koptatva4fek-50x50.png 50w, https:\/\/kekesreka.com\/wp-content\/uploads\/2022\/08\/elementor\/thumbs\/KR_logo_koptatva4fek-pv39xouz9g1opbe3zjekucq2bjrhkf0d1pmpvtsvfk.png 80w, https:\/\/kekesreka.com\/wp-content\/uploads\/2022\/08\/KR_logo_koptatva4fek.png 577w\" sizes=\"(max-width: 300px) 100vw, 300px\" \/>\t\t\t\t\t\t\t\t\t\t\t\t\t\t\t<\/div>\n\t\t\t\t<\/div>\n\t\t\t\t<div class=\"elementor-element elementor-element-764af65f fluentform-widget-submit-button-full-width fluent-form-widget-step-progressbar-yes elementor-widget elementor-widget-fluent-form-widget\" data-id=\"764af65f\" data-element_type=\"widget\" data-e-type=\"widget\" data-no-translation=\"\" data-widget_type=\"fluent-form-widget.default\">\n\t\t\t\t<div class=\"elementor-widget-container\">\n\t\t\t\t\t<style>.elementor-element-764af65f{display:none !important}<\/style>\t\t\t\t<\/div>\n\t\t\t\t<\/div>\n\t\t\t\t\t<\/div>\n\t\t<\/div>\n\t\t\t\t\t<\/div>\n\t\t<\/section>\n\t\t\t\t<\/div>","protected":false},"excerpt":{"rendered":"<p>EL\u0150JELENTKEZ\u00c9S &#8211; ONLINE PROGRAM Vezet\u00e9kn\u00e9v Keresztn\u00e9v Email El\u0151jelentkezem az al\u00e1bbi programra: H\u00fcvelyi Gy\u00f6ny\u00f6r Online Program Szexu\u00e1lis Gy\u00f6ny\u00f6r Online Program Elolvastam az adatkezel\u00e9si t\u00e1j\u00e9koztat\u00f3t \u00e9s beleegyezem, hogy a kekesreka.com weboldal kezelje az adataimat, illetve h\u00edrlevelet k\u00fcldj\u00f6n sz\u00e1momra.K\u00fcld\u00e9s<\/p>","protected":false},"author":1,"featured_media":0,"parent":0,"menu_order":0,"comment_status":"closed","ping_status":"closed","template":"elementor_header_footer","meta":{"_acf_changed":false,"footnotes":""},"class_list":["post-20447","page","type-page","status-publish","hentry"],"acf":[],"yoast_head":"<!-- This site is optimized with the Yoast SEO Premium plugin v27.2 (Yoast SEO v27.6) - https:\/\/yoast.com\/product\/yoast-seo-premium-wordpress\/ -->\n<title>Online Program El\u0151jelentkez\u00e9s - K\u00e9kes R\u00e9ka<\/title>\n<meta name=\"robots\" content=\"index, follow, max-snippet:-1, max-image-preview:large, max-video-preview:-1\" \/>\n<link rel=\"canonical\" href=\"https:\/\/kekesreka.com\/en\/online-program-elojelentkezes\/\" \/>\n<meta property=\"og:locale\" content=\"en_US\" \/>\n<meta property=\"og:type\" content=\"article\" \/>\n<meta property=\"og:title\" content=\"Online Program El\u0151jelentkez\u00e9s\" \/>\n<meta property=\"og:description\" content=\"EL\u0150JELENTKEZ\u00c9S &#8211; ONLINE PROGRAM Vezet\u00e9kn\u00e9v Keresztn\u00e9v Email El\u0151jelentkezem az al\u00e1bbi programra: H\u00fcvelyi Gy\u00f6ny\u00f6r Online Program Szexu\u00e1lis Gy\u00f6ny\u00f6r Online Program Elolvastam az adatkezel\u00e9si t\u00e1j\u00e9koztat\u00f3t \u00e9s beleegyezem, hogy a kekesreka.com weboldal kezelje az adataimat, illetve h\u00edrlevelet k\u00fcldj\u00f6n sz\u00e1momra.K\u00fcld\u00e9s\" \/>\n<meta property=\"og:url\" content=\"https:\/\/kekesreka.com\/en\/online-program-elojelentkezes\/\" \/>\n<meta property=\"og:site_name\" content=\"K\u00e9kes R\u00e9ka\" \/>\n<meta property=\"article:modified_time\" content=\"2023-06-27T12:21:49+00:00\" \/>\n<meta property=\"og:image\" content=\"https:\/\/kekesreka.com\/wp-content\/uploads\/2022\/08\/KR_logo_koptatva4fek-300x300.png\" \/>\n<meta name=\"twitter:card\" content=\"summary_large_image\" \/>\n<script type=\"application\/ld+json\" class=\"yoast-schema-graph\">{\"@context\":\"https:\\\/\\\/schema.org\",\"@graph\":[{\"@type\":\"WebPage\",\"@id\":\"https:\\\/\\\/kekesreka.com\\\/online-program-elojelentkezes\\\/\",\"url\":\"https:\\\/\\\/kekesreka.com\\\/online-program-elojelentkezes\\\/\",\"name\":\"Online Program El\u0151jelentkez\u00e9s - K\u00e9kes R\u00e9ka\",\"isPartOf\":{\"@id\":\"https:\\\/\\\/kekesreka.com\\\/#website\"},\"primaryImageOfPage\":{\"@id\":\"https:\\\/\\\/kekesreka.com\\\/online-program-elojelentkezes\\\/#primaryimage\"},\"image\":{\"@id\":\"https:\\\/\\\/kekesreka.com\\\/online-program-elojelentkezes\\\/#primaryimage\"},\"thumbnailUrl\":\"https:\\\/\\\/kekesreka.com\\\/wp-content\\\/uploads\\\/2022\\\/08\\\/KR_logo_koptatva4fek-300x300.png\",\"datePublished\":\"2023-06-27T12:08:06+00:00\",\"dateModified\":\"2023-06-27T12:21:49+00:00\",\"breadcrumb\":{\"@id\":\"https:\\\/\\\/kekesreka.com\\\/online-program-elojelentkezes\\\/#breadcrumb\"},\"inLanguage\":\"en-US\",\"potentialAction\":[{\"@type\":\"ReadAction\",\"target\":[\"https:\\\/\\\/kekesreka.com\\\/online-program-elojelentkezes\\\/\"]}]},{\"@type\":\"ImageObject\",\"inLanguage\":\"en-US\",\"@id\":\"https:\\\/\\\/kekesreka.com\\\/online-program-elojelentkezes\\\/#primaryimage\",\"url\":\"https:\\\/\\\/kekesreka.com\\\/wp-content\\\/uploads\\\/2022\\\/08\\\/KR_logo_koptatva4fek-300x300.png\",\"contentUrl\":\"https:\\\/\\\/kekesreka.com\\\/wp-content\\\/uploads\\\/2022\\\/08\\\/KR_logo_koptatva4fek-300x300.png\"},{\"@type\":\"BreadcrumbList\",\"@id\":\"https:\\\/\\\/kekesreka.com\\\/online-program-elojelentkezes\\\/#breadcrumb\",\"itemListElement\":[{\"@type\":\"ListItem\",\"position\":1,\"name\":\"Home\",\"item\":\"https:\\\/\\\/kekesreka.com\\\/\"},{\"@type\":\"ListItem\",\"position\":2,\"name\":\"Online Program El\u0151jelentkez\u00e9s\"}]},{\"@type\":\"WebSite\",\"@id\":\"https:\\\/\\\/kekesreka.com\\\/#website\",\"url\":\"https:\\\/\\\/kekesreka.com\\\/\",\"name\":\"K\u00e9kes R\u00e9ka\",\"description\":\"Az Orgazmikus \u00c9let M\u0171v\u00e9szete\",\"publisher\":{\"@id\":\"https:\\\/\\\/kekesreka.com\\\/#organization\"},\"alternateName\":\"Szexu\u00e1lis \u00f6nismeret \u00e9s orgazmustudatoss\u00e1g K\u00e9kes R\u00e9k\u00e1val\",\"potentialAction\":[{\"@type\":\"SearchAction\",\"target\":{\"@type\":\"EntryPoint\",\"urlTemplate\":\"https:\\\/\\\/kekesreka.com\\\/?s={search_term_string}\"},\"query-input\":{\"@type\":\"PropertyValueSpecification\",\"valueRequired\":true,\"valueName\":\"search_term_string\"}}],\"inLanguage\":\"en-US\"},{\"@type\":\"Organization\",\"@id\":\"https:\\\/\\\/kekesreka.com\\\/#organization\",\"name\":\"K\u00e9kes R\u00e9ka\",\"alternateName\":\"Szexu\u00e1lis \u00f6nismeret \u00e9s orgazmustudatoss\u00e1g K\u00e9kes R\u00e9k\u00e1val\",\"url\":\"https:\\\/\\\/kekesreka.com\\\/\",\"logo\":{\"@type\":\"ImageObject\",\"inLanguage\":\"en-US\",\"@id\":\"https:\\\/\\\/kekesreka.com\\\/#\\\/schema\\\/logo\\\/image\\\/\",\"url\":\"https:\\\/\\\/kekesreka.com\\\/wp-content\\\/uploads\\\/2022\\\/08\\\/KR_logo_koptatva1fek-1024x1024.png\",\"contentUrl\":\"https:\\\/\\\/kekesreka.com\\\/wp-content\\\/uploads\\\/2022\\\/08\\\/KR_logo_koptatva1fek-1024x1024.png\",\"width\":1024,\"height\":1024,\"caption\":\"K\u00e9kes R\u00e9ka\"},\"image\":{\"@id\":\"https:\\\/\\\/kekesreka.com\\\/#\\\/schema\\\/logo\\\/image\\\/\"}}]}<\/script>\n<!-- \/ Yoast SEO Premium plugin. -->","yoast_head_json":{"title":"Online Program El\u0151jelentkez\u00e9s - K\u00e9kes R\u00e9ka","robots":{"index":"index","follow":"follow","max-snippet":"max-snippet:-1","max-image-preview":"max-image-preview:large","max-video-preview":"max-video-preview:-1"},"canonical":"https:\/\/kekesreka.com\/en\/online-program-elojelentkezes\/","og_locale":"en_US","og_type":"article","og_title":"Online Program El\u0151jelentkez\u00e9s","og_description":"EL\u0150JELENTKEZ\u00c9S &#8211; ONLINE PROGRAM Vezet\u00e9kn\u00e9v Keresztn\u00e9v Email El\u0151jelentkezem az al\u00e1bbi programra: H\u00fcvelyi Gy\u00f6ny\u00f6r Online Program Szexu\u00e1lis Gy\u00f6ny\u00f6r Online Program Elolvastam az adatkezel\u00e9si t\u00e1j\u00e9koztat\u00f3t \u00e9s beleegyezem, hogy a kekesreka.com weboldal kezelje az adataimat, illetve h\u00edrlevelet k\u00fcldj\u00f6n sz\u00e1momra.K\u00fcld\u00e9s","og_url":"https:\/\/kekesreka.com\/en\/online-program-elojelentkezes\/","og_site_name":"K\u00e9kes R\u00e9ka","article_modified_time":"2023-06-27T12:21:49+00:00","og_image":[{"url":"https:\/\/kekesreka.com\/wp-content\/uploads\/2022\/08\/KR_logo_koptatva4fek-300x300.png","type":"","width":"","height":""}],"twitter_card":"summary_large_image","schema":{"@context":"https:\/\/schema.org","@graph":[{"@type":"WebPage","@id":"https:\/\/kekesreka.com\/online-program-elojelentkezes\/","url":"https:\/\/kekesreka.com\/online-program-elojelentkezes\/","name":"Online Program El\u0151jelentkez\u00e9s - K\u00e9kes R\u00e9ka","isPartOf":{"@id":"https:\/\/kekesreka.com\/#website"},"primaryImageOfPage":{"@id":"https:\/\/kekesreka.com\/online-program-elojelentkezes\/#primaryimage"},"image":{"@id":"https:\/\/kekesreka.com\/online-program-elojelentkezes\/#primaryimage"},"thumbnailUrl":"https:\/\/kekesreka.com\/wp-content\/uploads\/2022\/08\/KR_logo_koptatva4fek-300x300.png","datePublished":"2023-06-27T12:08:06+00:00","dateModified":"2023-06-27T12:21:49+00:00","breadcrumb":{"@id":"https:\/\/kekesreka.com\/online-program-elojelentkezes\/#breadcrumb"},"inLanguage":"en-US","potentialAction":[{"@type":"ReadAction","target":["https:\/\/kekesreka.com\/online-program-elojelentkezes\/"]}]},{"@type":"ImageObject","inLanguage":"en-US","@id":"https:\/\/kekesreka.com\/online-program-elojelentkezes\/#primaryimage","url":"https:\/\/kekesreka.com\/wp-content\/uploads\/2022\/08\/KR_logo_koptatva4fek-300x300.png","contentUrl":"https:\/\/kekesreka.com\/wp-content\/uploads\/2022\/08\/KR_logo_koptatva4fek-300x300.png"},{"@type":"BreadcrumbList","@id":"https:\/\/kekesreka.com\/online-program-elojelentkezes\/#breadcrumb","itemListElement":[{"@type":"ListItem","position":1,"name":"Home","item":"https:\/\/kekesreka.com\/"},{"@type":"ListItem","position":2,"name":"Online Program El\u0151jelentkez\u00e9s"}]},{"@type":"WebSite","@id":"https:\/\/kekesreka.com\/#website","url":"https:\/\/kekesreka.com\/","name":"R\u00e9ka K\u00e9kes","description":"Az Orgazmikus \u00c9let M\u0171v\u00e9szete","publisher":{"@id":"https:\/\/kekesreka.com\/#organization"},"alternateName":"Szexu\u00e1lis \u00f6nismeret \u00e9s orgazmustudatoss\u00e1g K\u00e9kes R\u00e9k\u00e1val","potentialAction":[{"@type":"SearchAction","target":{"@type":"EntryPoint","urlTemplate":"https:\/\/kekesreka.com\/?s={search_term_string}"},"query-input":{"@type":"PropertyValueSpecification","valueRequired":true,"valueName":"search_term_string"}}],"inLanguage":"en-US"},{"@type":"Organization","@id":"https:\/\/kekesreka.com\/#organization","name":"R\u00e9ka K\u00e9kes","alternateName":"Szexu\u00e1lis \u00f6nismeret \u00e9s orgazmustudatoss\u00e1g K\u00e9kes R\u00e9k\u00e1val","url":"https:\/\/kekesreka.com\/","logo":{"@type":"ImageObject","inLanguage":"en-US","@id":"https:\/\/kekesreka.com\/#\/schema\/logo\/image\/","url":"https:\/\/kekesreka.com\/wp-content\/uploads\/2022\/08\/KR_logo_koptatva1fek-1024x1024.png","contentUrl":"https:\/\/kekesreka.com\/wp-content\/uploads\/2022\/08\/KR_logo_koptatva1fek-1024x1024.png","width":1024,"height":1024,"caption":"K\u00e9kes R\u00e9ka"},"image":{"@id":"https:\/\/kekesreka.com\/#\/schema\/logo\/image\/"}}]}},"_links":{"self":[{"href":"https:\/\/kekesreka.com\/en\/wp-json\/wp\/v2\/pages\/20447","targetHints":{"allow":["GET"]}}],"collection":[{"href":"https:\/\/kekesreka.com\/en\/wp-json\/wp\/v2\/pages"}],"about":[{"href":"https:\/\/kekesreka.com\/en\/wp-json\/wp\/v2\/types\/page"}],"author":[{"embeddable":true,"href":"https:\/\/kekesreka.com\/en\/wp-json\/wp\/v2\/users\/1"}],"replies":[{"embeddable":true,"href":"https:\/\/kekesreka.com\/en\/wp-json\/wp\/v2\/comments?post=20447"}],"version-history":[{"count":0,"href":"https:\/\/kekesreka.com\/en\/wp-json\/wp\/v2\/pages\/20447\/revisions"}],"wp:attachment":[{"href":"https:\/\/kekesreka.com\/en\/wp-json\/wp\/v2\/media?parent=20447"}],"curies":[{"name":"wp","href":"https:\/\/api.w.org\/{rel}","templated":true}]}}