{"id":17467,"date":"2023-04-18T15:09:03","date_gmt":"2023-04-18T15:09:03","guid":{"rendered":"https:\/\/kekesreka.com\/?page_id=17467"},"modified":"2024-10-08T08:33:45","modified_gmt":"2024-10-08T08:33:45","slug":"linkek","status":"publish","type":"page","link":"https:\/\/kekesreka.com\/en\/linkek\/","title":{"rendered":"Linkek"},"content":{"rendered":"<div data-elementor-type=\"wp-page\" data-elementor-id=\"17467\" class=\"elementor elementor-17467\" data-elementor-post-type=\"page\">\n\t\t\t\t\t\t<section class=\"elementor-section elementor-top-section elementor-element elementor-element-0765f3a elementor-section-boxed elementor-section-height-default elementor-section-height-default\" data-id=\"0765f3a\" data-element_type=\"section\" data-e-type=\"section\" data-settings=\"{&quot;background_background&quot;:&quot;classic&quot;}\">\n\t\t\t\t\t\t<div class=\"elementor-container elementor-column-gap-default\">\n\t\t\t\t\t<div class=\"elementor-column elementor-col-100 elementor-top-column elementor-element elementor-element-777c7e2\" data-id=\"777c7e2\" data-element_type=\"column\" data-e-type=\"column\">\n\t\t\t<div class=\"elementor-widget-wrap elementor-element-populated\">\n\t\t\t\t\t\t<div class=\"elementor-element elementor-element-5da8429 elementor-widget elementor-widget-image\" data-id=\"5da8429\" data-element_type=\"widget\" data-e-type=\"widget\" data-widget_type=\"image.default\">\n\t\t\t\t<div class=\"elementor-widget-container\">\n\t\t\t\t\t\t\t\t\t\t\t\t\t\t\t<img fetchpriority=\"high\" decoding=\"async\" width=\"300\" height=\"300\" src=\"https:\/\/kekesreka.com\/wp-content\/uploads\/2022\/09\/KR_logo_koptatva6feh-300x300.webp\" class=\"attachment-medium size-medium wp-image-12982\" alt=\"\" srcset=\"https:\/\/kekesreka.com\/wp-content\/uploads\/2022\/09\/KR_logo_koptatva6feh-300x300.webp 300w, https:\/\/kekesreka.com\/wp-content\/uploads\/2022\/09\/KR_logo_koptatva6feh-150x150.webp 150w, https:\/\/kekesreka.com\/wp-content\/uploads\/2022\/09\/KR_logo_koptatva6feh-12x12.webp 12w, https:\/\/kekesreka.com\/wp-content\/uploads\/2022\/09\/KR_logo_koptatva6feh-100x100.webp 100w, https:\/\/kekesreka.com\/wp-content\/uploads\/2022\/09\/KR_logo_koptatva6feh.webp 577w\" sizes=\"(max-width: 300px) 100vw, 300px\" \/>\t\t\t\t\t\t\t\t\t\t\t\t\t\t\t<\/div>\n\t\t\t\t<\/div>\n\t\t\t\t<div class=\"elementor-element elementor-element-d0a9d72 elementor-align-justify elementor-widget elementor-widget-button\" data-id=\"d0a9d72\" data-element_type=\"widget\" data-e-type=\"widget\" data-widget_type=\"button.default\">\n\t\t\t\t<div class=\"elementor-widget-container\">\n\t\t\t\t\t\t\t\t\t<div class=\"elementor-button-wrapper\">\n\t\t\t\t\t<a class=\"elementor-button elementor-button-link elementor-size-sm\" href=\"https:\/\/kekesreka.com\/en\/gyonyortechnikak\/\" target=\"_blank\">\n\t\t\t\t\t\t<span class=\"elementor-button-content-wrapper\">\n\t\t\t\t\t\t\t\t\t<span class=\"elementor-button-text\">GY\u00d6NY\u00d6RTECHNIK\u00c1K - INGYENES<\/span>\n\t\t\t\t\t<\/span>\n\t\t\t\t\t<\/a>\n\t\t\t\t<\/div>\n\t\t\t\t\t\t\t\t<\/div>\n\t\t\t\t<\/div>\n\t\t\t\t<div class=\"elementor-element elementor-element-592e058 elementor-align-justify elementor-widget elementor-widget-button\" data-id=\"592e058\" data-element_type=\"widget\" data-e-type=\"widget\" data-widget_type=\"button.default\">\n\t\t\t\t<div class=\"elementor-widget-container\">\n\t\t\t\t\t\t\t\t\t<div class=\"elementor-button-wrapper\">\n\t\t\t\t\t<a class=\"elementor-button elementor-button-link elementor-size-sm\" href=\"https:\/\/kekesreka.com\/en\/gyonyortipusok-teszt\/\" target=\"_blank\">\n\t\t\t\t\t\t<span class=\"elementor-button-content-wrapper\">\n\t\t\t\t\t\t\t\t\t<span class=\"elementor-button-text\">GY\u00d6NY\u00d6RT\u00cdPUSOK TESZT - INGYENES<\/span>\n\t\t\t\t\t<\/span>\n\t\t\t\t\t<\/a>\n\t\t\t\t<\/div>\n\t\t\t\t\t\t\t\t<\/div>\n\t\t\t\t<\/div>\n\t\t\t\t<div class=\"elementor-element elementor-element-7a342be elementor-align-justify elementor-widget elementor-widget-button\" data-id=\"7a342be\" data-element_type=\"widget\" data-e-type=\"widget\" data-widget_type=\"button.default\">\n\t\t\t\t<div class=\"elementor-widget-container\">\n\t\t\t\t\t\t\t\t\t<div class=\"elementor-button-wrapper\">\n\t\t\t\t\t<a class=\"elementor-button elementor-button-link elementor-size-sm\" href=\"https:\/\/kekesreka.com\/en\/sexual-self-awareness-booklet\/\" target=\"_blank\">\n\t\t\t\t\t\t<span class=\"elementor-button-content-wrapper\">\n\t\t\t\t\t\t\t\t\t<span class=\"elementor-button-text\">SZEXU\u00c1LIS  \u00d6NISMERETI KISK\u00d6NYV - INGYENES<\/span>\n\t\t\t\t\t<\/span>\n\t\t\t\t\t<\/a>\n\t\t\t\t<\/div>\n\t\t\t\t\t\t\t\t<\/div>\n\t\t\t\t<\/div>\n\t\t\t\t<div class=\"elementor-element elementor-element-c770bd9 elementor-align-justify elementor-widget elementor-widget-button\" data-id=\"c770bd9\" data-element_type=\"widget\" data-e-type=\"widget\" data-widget_type=\"button.default\">\n\t\t\t\t<div class=\"elementor-widget-container\">\n\t\t\t\t\t\t\t\t\t<div class=\"elementor-button-wrapper\">\n\t\t\t\t\t<a class=\"elementor-button elementor-button-link elementor-size-sm\" href=\"https:\/\/kekesreka.com\/en\/\" target=\"_blank\">\n\t\t\t\t\t\t<span class=\"elementor-button-content-wrapper\">\n\t\t\t\t\t\t\t\t\t<span class=\"elementor-button-text\">WEBOLDAL<\/span>\n\t\t\t\t\t<\/span>\n\t\t\t\t\t<\/a>\n\t\t\t\t<\/div>\n\t\t\t\t\t\t\t\t<\/div>\n\t\t\t\t<\/div>\n\t\t\t\t<div class=\"elementor-element elementor-element-907ea67 elementor-align-justify elementor-widget elementor-widget-button\" data-id=\"907ea67\" data-element_type=\"widget\" data-e-type=\"widget\" data-widget_type=\"button.default\">\n\t\t\t\t<div class=\"elementor-widget-container\">\n\t\t\t\t\t\t\t\t\t<div class=\"elementor-button-wrapper\">\n\t\t\t\t\t<a class=\"elementor-button elementor-button-link elementor-size-sm\" href=\"https:\/\/kekesreka.com\/en\/vlogblog\/\" target=\"_blank\">\n\t\t\t\t\t\t<span class=\"elementor-button-content-wrapper\">\n\t\t\t\t\t\t\t\t\t<span class=\"elementor-button-text\">VLOGBLOG<\/span>\n\t\t\t\t\t<\/span>\n\t\t\t\t\t<\/a>\n\t\t\t\t<\/div>\n\t\t\t\t\t\t\t\t<\/div>\n\t\t\t\t<\/div>\n\t\t\t\t<div class=\"elementor-element elementor-element-9e0d05e elementor-align-justify elementor-widget elementor-widget-button\" data-id=\"9e0d05e\" data-element_type=\"widget\" data-e-type=\"widget\" data-widget_type=\"button.default\">\n\t\t\t\t<div class=\"elementor-widget-container\">\n\t\t\t\t\t\t\t\t\t<div class=\"elementor-button-wrapper\">\n\t\t\t\t\t<a class=\"elementor-button elementor-button-link elementor-size-sm\" href=\"https:\/\/kekesreka.com\/en\/the-art-of-orgasm-sex-book\/\" target=\"_blank\">\n\t\t\t\t\t\t<span class=\"elementor-button-content-wrapper\">\n\t\t\t\t\t\t\t\t\t<span class=\"elementor-button-text\">K\u00d6NYV<\/span>\n\t\t\t\t\t<\/span>\n\t\t\t\t\t<\/a>\n\t\t\t\t<\/div>\n\t\t\t\t\t\t\t\t<\/div>\n\t\t\t\t<\/div>\n\t\t\t\t<div class=\"elementor-element elementor-element-9df7aba elementor-align-justify elementor-widget elementor-widget-button\" data-id=\"9df7aba\" data-element_type=\"widget\" data-e-type=\"widget\" data-widget_type=\"button.default\">\n\t\t\t\t<div class=\"elementor-widget-container\">\n\t\t\t\t\t\t\t\t\t<div class=\"elementor-button-wrapper\">\n\t\t\t\t\t<a class=\"elementor-button elementor-button-link elementor-size-sm\" href=\"https:\/\/kekesreka.com\/en\/online-workshops\/\" target=\"_blank\">\n\t\t\t\t\t\t<span class=\"elementor-button-content-wrapper\">\n\t\t\t\t\t\t\t\t\t<span class=\"elementor-button-text\">ONLINE OKTAT\u00c1S<\/span>\n\t\t\t\t\t<\/span>\n\t\t\t\t\t<\/a>\n\t\t\t\t<\/div>\n\t\t\t\t\t\t\t\t<\/div>\n\t\t\t\t<\/div>\n\t\t\t\t<div class=\"elementor-element elementor-element-13bee15 elementor-align-justify elementor-widget elementor-widget-button\" data-id=\"13bee15\" data-element_type=\"widget\" data-e-type=\"widget\" data-widget_type=\"button.default\">\n\t\t\t\t<div class=\"elementor-widget-container\">\n\t\t\t\t\t\t\t\t\t<div class=\"elementor-button-wrapper\">\n\t\t\t\t\t<a class=\"elementor-button elementor-button-link elementor-size-sm\" href=\"https:\/\/www.youtube.com\/kekesreka\" target=\"_blank\">\n\t\t\t\t\t\t<span class=\"elementor-button-content-wrapper\">\n\t\t\t\t\t\t\t\t\t<span class=\"elementor-button-text\">YOUTUBE<\/span>\n\t\t\t\t\t<\/span>\n\t\t\t\t\t<\/a>\n\t\t\t\t<\/div>\n\t\t\t\t\t\t\t\t<\/div>\n\t\t\t\t<\/div>\n\t\t\t\t<div class=\"elementor-element elementor-element-c844a73 elementor-align-justify elementor-widget elementor-widget-button\" data-id=\"c844a73\" data-element_type=\"widget\" data-e-type=\"widget\" data-widget_type=\"button.default\">\n\t\t\t\t<div class=\"elementor-widget-container\">\n\t\t\t\t\t\t\t\t\t<div class=\"elementor-button-wrapper\">\n\t\t\t\t\t<a class=\"elementor-button elementor-button-link elementor-size-sm\" href=\"https:\/\/www.facebook.com\/kekesreka\" target=\"_blank\">\n\t\t\t\t\t\t<span class=\"elementor-button-content-wrapper\">\n\t\t\t\t\t\t\t\t\t<span class=\"elementor-button-text\">FACEBOOK<\/span>\n\t\t\t\t\t<\/span>\n\t\t\t\t\t<\/a>\n\t\t\t\t<\/div>\n\t\t\t\t\t\t\t\t<\/div>\n\t\t\t\t<\/div>\n\t\t\t\t<div class=\"elementor-element elementor-element-ab4ac69 elementor-align-justify elementor-widget elementor-widget-button\" data-id=\"ab4ac69\" data-element_type=\"widget\" data-e-type=\"widget\" data-widget_type=\"button.default\">\n\t\t\t\t<div class=\"elementor-widget-container\">\n\t\t\t\t\t\t\t\t\t<div class=\"elementor-button-wrapper\">\n\t\t\t\t\t<a class=\"elementor-button elementor-button-link elementor-size-sm\" href=\"https:\/\/kekesreka.com\/en\/\" target=\"_blank\">\n\t\t\t\t\t\t<span class=\"elementor-button-content-wrapper\">\n\t\t\t\t\t\t\t\t\t<span class=\"elementor-button-text\">ENGLISH<\/span>\n\t\t\t\t\t<\/span>\n\t\t\t\t\t<\/a>\n\t\t\t\t<\/div>\n\t\t\t\t\t\t\t\t<\/div>\n\t\t\t\t<\/div>\n\t\t\t\t<div class=\"elementor-element elementor-element-c85308d elementor-widget elementor-widget-spacer\" data-id=\"c85308d\" data-element_type=\"widget\" data-e-type=\"widget\" data-widget_type=\"spacer.default\">\n\t\t\t\t<div class=\"elementor-widget-container\">\n\t\t\t\t\t\t\t<div class=\"elementor-spacer\">\n\t\t\t<div class=\"elementor-spacer-inner\"><\/div>\n\t\t<\/div>\n\t\t\t\t\t\t<\/div>\n\t\t\t\t<\/div>\n\t\t\t\t<div class=\"elementor-element elementor-element-8d4398d elementor-widget elementor-widget-spacer\" data-id=\"8d4398d\" data-element_type=\"widget\" data-e-type=\"widget\" data-widget_type=\"spacer.default\">\n\t\t\t\t<div class=\"elementor-widget-container\">\n\t\t\t\t\t\t\t<div class=\"elementor-spacer\">\n\t\t\t<div class=\"elementor-spacer-inner\"><\/div>\n\t\t<\/div>\n\t\t\t\t\t\t<\/div>\n\t\t\t\t<\/div>\n\t\t\t\t\t<\/div>\n\t\t<\/div>\n\t\t\t\t\t<\/div>\n\t\t<\/section>\n\t\t\t\t<\/div>","protected":false},"excerpt":{"rendered":"<p>GY\u00d6NY\u00d6RTECHNIK\u00c1K &#8211; INGYENES GY\u00d6NY\u00d6RT\u00cdPUSOK TESZT &#8211; INGYENES SZEXU\u00c1LIS \u00d6NISMERETI KISK\u00d6NYV &#8211; INGYENES WEBOLDAL VLOGBLOG K\u00d6NYV ONLINE OKTAT\u00c1S YOUTUBE FACEBOOK ENGLISH<\/p>","protected":false},"author":1,"featured_media":0,"parent":0,"menu_order":0,"comment_status":"closed","ping_status":"closed","template":"elementor_canvas","meta":{"_acf_changed":false,"footnotes":""},"class_list":["post-17467","page","type-page","status-publish","hentry"],"acf":[],"yoast_head":"<!-- This site is optimized with the Yoast SEO Premium plugin v27.2 (Yoast SEO v27.5) - https:\/\/yoast.com\/product\/yoast-seo-premium-wordpress\/ -->\n<title>Linkek - K\u00e9kes R\u00e9ka<\/title>\n<meta name=\"robots\" content=\"index, follow, max-snippet:-1, max-image-preview:large, max-video-preview:-1\" \/>\n<link rel=\"canonical\" href=\"https:\/\/kekesreka.com\/en\/linkek\/\" \/>\n<meta property=\"og:locale\" content=\"en_US\" \/>\n<meta property=\"og:type\" content=\"article\" \/>\n<meta property=\"og:title\" content=\"Linkek\" \/>\n<meta property=\"og:description\" content=\"GY\u00d6NY\u00d6RTECHNIK\u00c1K &#8211; INGYENES GY\u00d6NY\u00d6RT\u00cdPUSOK TESZT &#8211; INGYENES SZEXU\u00c1LIS \u00d6NISMERETI KISK\u00d6NYV &#8211; INGYENES WEBOLDAL VLOGBLOG K\u00d6NYV ONLINE OKTAT\u00c1S YOUTUBE FACEBOOK ENGLISH\" \/>\n<meta property=\"og:url\" content=\"https:\/\/kekesreka.com\/en\/linkek\/\" \/>\n<meta property=\"og:site_name\" content=\"K\u00e9kes R\u00e9ka\" \/>\n<meta property=\"article:modified_time\" content=\"2024-10-08T08:33:45+00:00\" \/>\n<meta property=\"og:image\" content=\"https:\/\/kekesreka.com\/wp-content\/uploads\/2022\/09\/KR_logo_koptatva6feh-300x300.webp\" \/>\n<meta name=\"twitter:card\" content=\"summary_large_image\" \/>\n<script type=\"application\/ld+json\" class=\"yoast-schema-graph\">{\"@context\":\"https:\\\/\\\/schema.org\",\"@graph\":[{\"@type\":\"WebPage\",\"@id\":\"https:\\\/\\\/kekesreka.com\\\/linkek\\\/\",\"url\":\"https:\\\/\\\/kekesreka.com\\\/linkek\\\/\",\"name\":\"Linkek - K\u00e9kes R\u00e9ka\",\"isPartOf\":{\"@id\":\"https:\\\/\\\/kekesreka.com\\\/#website\"},\"primaryImageOfPage\":{\"@id\":\"https:\\\/\\\/kekesreka.com\\\/linkek\\\/#primaryimage\"},\"image\":{\"@id\":\"https:\\\/\\\/kekesreka.com\\\/linkek\\\/#primaryimage\"},\"thumbnailUrl\":\"https:\\\/\\\/kekesreka.com\\\/wp-content\\\/uploads\\\/2022\\\/09\\\/KR_logo_koptatva6feh-300x300.webp\",\"datePublished\":\"2023-04-18T15:09:03+00:00\",\"dateModified\":\"2024-10-08T08:33:45+00:00\",\"breadcrumb\":{\"@id\":\"https:\\\/\\\/kekesreka.com\\\/linkek\\\/#breadcrumb\"},\"inLanguage\":\"en-US\",\"potentialAction\":[{\"@type\":\"ReadAction\",\"target\":[\"https:\\\/\\\/kekesreka.com\\\/linkek\\\/\"]}]},{\"@type\":\"ImageObject\",\"inLanguage\":\"en-US\",\"@id\":\"https:\\\/\\\/kekesreka.com\\\/linkek\\\/#primaryimage\",\"url\":\"https:\\\/\\\/kekesreka.com\\\/wp-content\\\/uploads\\\/2022\\\/09\\\/KR_logo_koptatva6feh-300x300.webp\",\"contentUrl\":\"https:\\\/\\\/kekesreka.com\\\/wp-content\\\/uploads\\\/2022\\\/09\\\/KR_logo_koptatva6feh-300x300.webp\"},{\"@type\":\"BreadcrumbList\",\"@id\":\"https:\\\/\\\/kekesreka.com\\\/linkek\\\/#breadcrumb\",\"itemListElement\":[{\"@type\":\"ListItem\",\"position\":1,\"name\":\"Home\",\"item\":\"https:\\\/\\\/kekesreka.com\\\/\"},{\"@type\":\"ListItem\",\"position\":2,\"name\":\"Linkek\"}]},{\"@type\":\"WebSite\",\"@id\":\"https:\\\/\\\/kekesreka.com\\\/#website\",\"url\":\"https:\\\/\\\/kekesreka.com\\\/\",\"name\":\"K\u00e9kes R\u00e9ka\",\"description\":\"Az Orgazmikus \u00c9let M\u0171v\u00e9szete\",\"publisher\":{\"@id\":\"https:\\\/\\\/kekesreka.com\\\/#organization\"},\"alternateName\":\"Szexu\u00e1lis \u00f6nismeret \u00e9s orgazmustudatoss\u00e1g K\u00e9kes R\u00e9k\u00e1val\",\"potentialAction\":[{\"@type\":\"SearchAction\",\"target\":{\"@type\":\"EntryPoint\",\"urlTemplate\":\"https:\\\/\\\/kekesreka.com\\\/?s={search_term_string}\"},\"query-input\":{\"@type\":\"PropertyValueSpecification\",\"valueRequired\":true,\"valueName\":\"search_term_string\"}}],\"inLanguage\":\"en-US\"},{\"@type\":\"Organization\",\"@id\":\"https:\\\/\\\/kekesreka.com\\\/#organization\",\"name\":\"K\u00e9kes R\u00e9ka\",\"alternateName\":\"Szexu\u00e1lis \u00f6nismeret \u00e9s orgazmustudatoss\u00e1g K\u00e9kes R\u00e9k\u00e1val\",\"url\":\"https:\\\/\\\/kekesreka.com\\\/\",\"logo\":{\"@type\":\"ImageObject\",\"inLanguage\":\"en-US\",\"@id\":\"https:\\\/\\\/kekesreka.com\\\/#\\\/schema\\\/logo\\\/image\\\/\",\"url\":\"https:\\\/\\\/kekesreka.com\\\/wp-content\\\/uploads\\\/2022\\\/08\\\/KR_logo_koptatva1fek-1024x1024.png\",\"contentUrl\":\"https:\\\/\\\/kekesreka.com\\\/wp-content\\\/uploads\\\/2022\\\/08\\\/KR_logo_koptatva1fek-1024x1024.png\",\"width\":1024,\"height\":1024,\"caption\":\"K\u00e9kes R\u00e9ka\"},\"image\":{\"@id\":\"https:\\\/\\\/kekesreka.com\\\/#\\\/schema\\\/logo\\\/image\\\/\"}}]}<\/script>\n<!-- \/ Yoast SEO Premium plugin. -->","yoast_head_json":{"title":"Linkek - K\u00e9kes R\u00e9ka","robots":{"index":"index","follow":"follow","max-snippet":"max-snippet:-1","max-image-preview":"max-image-preview:large","max-video-preview":"max-video-preview:-1"},"canonical":"https:\/\/kekesreka.com\/en\/linkek\/","og_locale":"en_US","og_type":"article","og_title":"Linkek","og_description":"GY\u00d6NY\u00d6RTECHNIK\u00c1K &#8211; INGYENES GY\u00d6NY\u00d6RT\u00cdPUSOK TESZT &#8211; INGYENES SZEXU\u00c1LIS \u00d6NISMERETI KISK\u00d6NYV &#8211; INGYENES WEBOLDAL VLOGBLOG K\u00d6NYV ONLINE OKTAT\u00c1S YOUTUBE FACEBOOK ENGLISH","og_url":"https:\/\/kekesreka.com\/en\/linkek\/","og_site_name":"K\u00e9kes R\u00e9ka","article_modified_time":"2024-10-08T08:33:45+00:00","og_image":[{"url":"https:\/\/kekesreka.com\/wp-content\/uploads\/2022\/09\/KR_logo_koptatva6feh-300x300.webp","type":"","width":"","height":""}],"twitter_card":"summary_large_image","schema":{"@context":"https:\/\/schema.org","@graph":[{"@type":"WebPage","@id":"https:\/\/kekesreka.com\/linkek\/","url":"https:\/\/kekesreka.com\/linkek\/","name":"Linkek - K\u00e9kes R\u00e9ka","isPartOf":{"@id":"https:\/\/kekesreka.com\/#website"},"primaryImageOfPage":{"@id":"https:\/\/kekesreka.com\/linkek\/#primaryimage"},"image":{"@id":"https:\/\/kekesreka.com\/linkek\/#primaryimage"},"thumbnailUrl":"https:\/\/kekesreka.com\/wp-content\/uploads\/2022\/09\/KR_logo_koptatva6feh-300x300.webp","datePublished":"2023-04-18T15:09:03+00:00","dateModified":"2024-10-08T08:33:45+00:00","breadcrumb":{"@id":"https:\/\/kekesreka.com\/linkek\/#breadcrumb"},"inLanguage":"en-US","potentialAction":[{"@type":"ReadAction","target":["https:\/\/kekesreka.com\/linkek\/"]}]},{"@type":"ImageObject","inLanguage":"en-US","@id":"https:\/\/kekesreka.com\/linkek\/#primaryimage","url":"https:\/\/kekesreka.com\/wp-content\/uploads\/2022\/09\/KR_logo_koptatva6feh-300x300.webp","contentUrl":"https:\/\/kekesreka.com\/wp-content\/uploads\/2022\/09\/KR_logo_koptatva6feh-300x300.webp"},{"@type":"BreadcrumbList","@id":"https:\/\/kekesreka.com\/linkek\/#breadcrumb","itemListElement":[{"@type":"ListItem","position":1,"name":"Home","item":"https:\/\/kekesreka.com\/"},{"@type":"ListItem","position":2,"name":"Linkek"}]},{"@type":"WebSite","@id":"https:\/\/kekesreka.com\/#website","url":"https:\/\/kekesreka.com\/","name":"R\u00e9ka K\u00e9kes","description":"Az Orgazmikus \u00c9let M\u0171v\u00e9szete","publisher":{"@id":"https:\/\/kekesreka.com\/#organization"},"alternateName":"Szexu\u00e1lis \u00f6nismeret \u00e9s orgazmustudatoss\u00e1g K\u00e9kes R\u00e9k\u00e1val","potentialAction":[{"@type":"SearchAction","target":{"@type":"EntryPoint","urlTemplate":"https:\/\/kekesreka.com\/?s={search_term_string}"},"query-input":{"@type":"PropertyValueSpecification","valueRequired":true,"valueName":"search_term_string"}}],"inLanguage":"en-US"},{"@type":"Organization","@id":"https:\/\/kekesreka.com\/#organization","name":"R\u00e9ka K\u00e9kes","alternateName":"Szexu\u00e1lis \u00f6nismeret \u00e9s orgazmustudatoss\u00e1g K\u00e9kes R\u00e9k\u00e1val","url":"https:\/\/kekesreka.com\/","logo":{"@type":"ImageObject","inLanguage":"en-US","@id":"https:\/\/kekesreka.com\/#\/schema\/logo\/image\/","url":"https:\/\/kekesreka.com\/wp-content\/uploads\/2022\/08\/KR_logo_koptatva1fek-1024x1024.png","contentUrl":"https:\/\/kekesreka.com\/wp-content\/uploads\/2022\/08\/KR_logo_koptatva1fek-1024x1024.png","width":1024,"height":1024,"caption":"K\u00e9kes R\u00e9ka"},"image":{"@id":"https:\/\/kekesreka.com\/#\/schema\/logo\/image\/"}}]}},"_links":{"self":[{"href":"https:\/\/kekesreka.com\/en\/wp-json\/wp\/v2\/pages\/17467","targetHints":{"allow":["GET"]}}],"collection":[{"href":"https:\/\/kekesreka.com\/en\/wp-json\/wp\/v2\/pages"}],"about":[{"href":"https:\/\/kekesreka.com\/en\/wp-json\/wp\/v2\/types\/page"}],"author":[{"embeddable":true,"href":"https:\/\/kekesreka.com\/en\/wp-json\/wp\/v2\/users\/1"}],"replies":[{"embeddable":true,"href":"https:\/\/kekesreka.com\/en\/wp-json\/wp\/v2\/comments?post=17467"}],"version-history":[{"count":9,"href":"https:\/\/kekesreka.com\/en\/wp-json\/wp\/v2\/pages\/17467\/revisions"}],"predecessor-version":[{"id":23961,"href":"https:\/\/kekesreka.com\/en\/wp-json\/wp\/v2\/pages\/17467\/revisions\/23961"}],"wp:attachment":[{"href":"https:\/\/kekesreka.com\/en\/wp-json\/wp\/v2\/media?parent=17467"}],"curies":[{"name":"wp","href":"https:\/\/api.w.org\/{rel}","templated":true}]}}