{"id":1203,"date":"2022-06-25T20:32:46","date_gmt":"2022-06-25T20:32:46","guid":{"rendered":"https:\/\/kekesreka.com\/?page_id=1203"},"modified":"2023-06-05T11:58:53","modified_gmt":"2023-06-05T11:58:53","slug":"hirlevel-feliratkozas","status":"publish","type":"page","link":"https:\/\/kekesreka.com\/en\/hirlevel-feliratkozas\/","title":{"rendered":"Newsletter Subscription"},"content":{"rendered":"<div data-elementor-type=\"wp-page\" data-elementor-id=\"1203\" class=\"elementor elementor-1203\" data-elementor-post-type=\"page\">\n\t\t\t\t\t\t<section class=\"elementor-section elementor-top-section elementor-element elementor-element-3d8d99c2 elementor-section-boxed elementor-section-height-default elementor-section-height-default\" data-id=\"3d8d99c2\" data-element_type=\"section\" data-e-type=\"section\" data-settings=\"{&quot;background_background&quot;:&quot;classic&quot;}\">\n\t\t\t\t\t\t\t<div class=\"elementor-background-overlay\"><\/div>\n\t\t\t\t\t\t\t<div class=\"elementor-container elementor-column-gap-default\">\n\t\t\t\t\t<div class=\"elementor-column elementor-col-100 elementor-top-column elementor-element elementor-element-ac299cb\" data-id=\"ac299cb\" data-element_type=\"column\" data-e-type=\"column\">\n\t\t\t<div class=\"elementor-widget-wrap elementor-element-populated\">\n\t\t\t\t\t\t<div class=\"elementor-element elementor-element-8417328 elementor-widget elementor-widget-heading\" data-id=\"8417328\" data-element_type=\"widget\" data-e-type=\"widget\" data-widget_type=\"heading.default\">\n\t\t\t\t<div class=\"elementor-widget-container\">\n\t\t\t\t\t<h1 class=\"elementor-heading-title elementor-size-default\">H\u00edrlev\u00e9l <br \/> feliratkoz\u00e1s<\/h1>\t\t\t\t<\/div>\n\t\t\t\t<\/div>\n\t\t\t\t\t<\/div>\n\t\t<\/div>\n\t\t\t\t\t<\/div>\n\t\t<\/section>\n\t\t\t\t<section class=\"elementor-section elementor-top-section elementor-element elementor-element-49324444 elementor-section-boxed elementor-section-height-default elementor-section-height-default\" data-id=\"49324444\" data-element_type=\"section\" data-e-type=\"section\" data-settings=\"{&quot;background_background&quot;:&quot;classic&quot;}\">\n\t\t\t\t\t\t<div class=\"elementor-container elementor-column-gap-no\">\n\t\t\t\t\t<div class=\"elementor-column elementor-col-100 elementor-top-column elementor-element elementor-element-1a916066\" data-id=\"1a916066\" data-element_type=\"column\" data-e-type=\"column\" data-settings=\"{&quot;background_background&quot;:&quot;classic&quot;}\">\n\t\t\t<div class=\"elementor-widget-wrap elementor-element-populated\">\n\t\t\t\t\t\t<div class=\"elementor-element elementor-element-763d32c1 elementor-widget elementor-widget-image\" data-id=\"763d32c1\" data-element_type=\"widget\" data-e-type=\"widget\" data-widget_type=\"image.default\">\n\t\t\t\t<div class=\"elementor-widget-container\">\n\t\t\t\t\t\t\t\t\t\t\t\t\t\t\t<img fetchpriority=\"high\" decoding=\"async\" width=\"300\" height=\"300\" src=\"https:\/\/kekesreka.com\/wp-content\/uploads\/2022\/08\/KR_logo_koptatva4fek-300x300.png\" class=\"attachment-medium size-medium wp-image-7397\" alt=\"kekes reka\" srcset=\"https:\/\/kekesreka.com\/wp-content\/uploads\/2022\/08\/KR_logo_koptatva4fek-300x300.png 300w, https:\/\/kekesreka.com\/wp-content\/uploads\/2022\/08\/KR_logo_koptatva4fek-150x150.png 150w, https:\/\/kekesreka.com\/wp-content\/uploads\/2022\/08\/KR_logo_koptatva4fek-12x12.png 12w, https:\/\/kekesreka.com\/wp-content\/uploads\/2022\/08\/KR_logo_koptatva4fek-100x100.png 100w, https:\/\/kekesreka.com\/wp-content\/uploads\/2022\/08\/KR_logo_koptatva4fek-50x50.png 50w, https:\/\/kekesreka.com\/wp-content\/uploads\/2022\/08\/elementor\/thumbs\/KR_logo_koptatva4fek-pv39xouz9g1opbe3zjekucq2bjrhkf0d1pmpvtsvfk.png 80w, https:\/\/kekesreka.com\/wp-content\/uploads\/2022\/08\/KR_logo_koptatva4fek.png 577w\" sizes=\"(max-width: 300px) 100vw, 300px\" \/>\t\t\t\t\t\t\t\t\t\t\t\t\t\t\t<\/div>\n\t\t\t\t<\/div>\n\t\t\t\t<div class=\"elementor-element elementor-element-75575f9 fluentform-widget-submit-button-full-width fluent-form-widget-step-progressbar-yes elementor-widget elementor-widget-global elementor-global-18580 elementor-widget-fluent-form-widget\" data-id=\"75575f9\" data-element_type=\"widget\" data-e-type=\"widget\" data-no-translation=\"\" data-widget_type=\"fluent-form-widget.default\">\n\t\t\t\t<div class=\"elementor-widget-container\">\n\t\t\t\t\t<style>.elementor-element-75575f9{display:none !important}<\/style>\t\t\t\t<\/div>\n\t\t\t\t<\/div>\n\t\t\t\t\t<\/div>\n\t\t<\/div>\n\t\t\t\t\t<\/div>\n\t\t<\/section>\n\t\t\t\t<\/div>","protected":false},"excerpt":{"rendered":"<p>H\u00edrlev\u00e9l feliratkoz\u00e1s 1. FELIRATKOZ\u00c1S &#8211; KEKESREKA Vezet\u00e9kn\u00e9v Keresztn\u00e9v Email Nem &#8212;F\u00e9rfiN\u0151Egy\u00e9bKor &#8212;18-3031-4041-5051-6061-7071-100Hogyan tal\u00e1lt\u00e1l r\u00e1 az oldalra? Google keres\u0151 Facebook Instagram Youtube TikTok Bar\u00e1ti aj\u00e1nl\u00e1s Szakmai aj\u00e1nl\u00e1sMilyen t\u00e9ma h\u00edvott meg t\u00e9ged? Szexu\u00e1lis \u00f6nismeret Szexu\u00e1lis fejleszt\u00e9s \u00c9rz\u00e9ki-erotikus massz\u00e1zs Szakmai \u00e9rdekl\u0151d\u00e9s Egy\u00e9bEgy\u00e9b T\u00e9ma Milyen form\u00e1ban \u00e9rdekel a t\u00e9ma? Egy\u00e9ni P\u00e1ros Csoportos Online Elolvastam az adatkezel\u00e9si t\u00e1j\u00e9koztat\u00f3t \u00e9s beleegyezem, [&hellip;]<\/p>\n","protected":false},"author":1,"featured_media":0,"parent":0,"menu_order":0,"comment_status":"closed","ping_status":"closed","template":"elementor_header_footer","meta":{"_acf_changed":false,"footnotes":""},"class_list":["post-1203","page","type-page","status-publish","hentry"],"acf":[],"yoast_head":"<!-- This site is optimized with the Yoast SEO Premium plugin v27.2 (Yoast SEO v27.4) - https:\/\/yoast.com\/product\/yoast-seo-premium-wordpress\/ -->\n<title>H\u00edrlev\u00e9l Feliratkoz\u00e1s - K\u00e9kes R\u00e9ka<\/title>\n<meta name=\"robots\" content=\"noindex, follow\" \/>\n<meta property=\"og:locale\" content=\"en_US\" \/>\n<meta property=\"og:type\" content=\"article\" \/>\n<meta property=\"og:title\" content=\"H\u00edrlev\u00e9l Feliratkoz\u00e1s\" \/>\n<meta property=\"og:description\" content=\"H\u00edrlev\u00e9l feliratkoz\u00e1s 1. FELIRATKOZ\u00c1S &#8211; KEKESREKA Vezet\u00e9kn\u00e9v Keresztn\u00e9v Email Nem &#8212;F\u00e9rfiN\u0151Egy\u00e9bKor &#8212;18-3031-4041-5051-6061-7071-100Hogyan tal\u00e1lt\u00e1l r\u00e1 az oldalra? Google keres\u0151 Facebook Instagram Youtube TikTok Bar\u00e1ti aj\u00e1nl\u00e1s Szakmai aj\u00e1nl\u00e1sMilyen t\u00e9ma h\u00edvott meg t\u00e9ged? Szexu\u00e1lis \u00f6nismeret Szexu\u00e1lis fejleszt\u00e9s \u00c9rz\u00e9ki-erotikus massz\u00e1zs Szakmai \u00e9rdekl\u0151d\u00e9s Egy\u00e9bEgy\u00e9b T\u00e9ma Milyen form\u00e1ban \u00e9rdekel a t\u00e9ma? Egy\u00e9ni P\u00e1ros Csoportos Online Elolvastam az adatkezel\u00e9si t\u00e1j\u00e9koztat\u00f3t \u00e9s beleegyezem, [&hellip;]\" \/>\n<meta property=\"og:url\" content=\"https:\/\/kekesreka.com\/en\/newsletter-subscription\/\" \/>\n<meta property=\"og:site_name\" content=\"K\u00e9kes R\u00e9ka\" \/>\n<meta property=\"article:modified_time\" content=\"2023-06-05T11:58:53+00:00\" \/>\n<meta property=\"og:image\" content=\"https:\/\/kekesreka.com\/wp-content\/uploads\/2022\/08\/KR_logo_koptatva4fek-300x300.png\" \/>\n<meta name=\"twitter:card\" content=\"summary_large_image\" \/>\n<script type=\"application\/ld+json\" class=\"yoast-schema-graph\">{\"@context\":\"https:\\\/\\\/schema.org\",\"@graph\":[{\"@type\":\"WebPage\",\"@id\":\"https:\\\/\\\/kekesreka.com\\\/hirlevel-feliratkozas\\\/\",\"url\":\"https:\\\/\\\/kekesreka.com\\\/hirlevel-feliratkozas\\\/\",\"name\":\"H\u00edrlev\u00e9l Feliratkoz\u00e1s - K\u00e9kes R\u00e9ka\",\"isPartOf\":{\"@id\":\"https:\\\/\\\/kekesreka.com\\\/#website\"},\"primaryImageOfPage\":{\"@id\":\"https:\\\/\\\/kekesreka.com\\\/hirlevel-feliratkozas\\\/#primaryimage\"},\"image\":{\"@id\":\"https:\\\/\\\/kekesreka.com\\\/hirlevel-feliratkozas\\\/#primaryimage\"},\"thumbnailUrl\":\"https:\\\/\\\/kekesreka.com\\\/wp-content\\\/uploads\\\/2022\\\/08\\\/KR_logo_koptatva4fek-300x300.png\",\"datePublished\":\"2022-06-25T20:32:46+00:00\",\"dateModified\":\"2023-06-05T11:58:53+00:00\",\"breadcrumb\":{\"@id\":\"https:\\\/\\\/kekesreka.com\\\/hirlevel-feliratkozas\\\/#breadcrumb\"},\"inLanguage\":\"en-US\",\"potentialAction\":[{\"@type\":\"ReadAction\",\"target\":[\"https:\\\/\\\/kekesreka.com\\\/hirlevel-feliratkozas\\\/\"]}]},{\"@type\":\"ImageObject\",\"inLanguage\":\"en-US\",\"@id\":\"https:\\\/\\\/kekesreka.com\\\/hirlevel-feliratkozas\\\/#primaryimage\",\"url\":\"https:\\\/\\\/kekesreka.com\\\/wp-content\\\/uploads\\\/2022\\\/08\\\/KR_logo_koptatva4fek-300x300.png\",\"contentUrl\":\"https:\\\/\\\/kekesreka.com\\\/wp-content\\\/uploads\\\/2022\\\/08\\\/KR_logo_koptatva4fek-300x300.png\"},{\"@type\":\"BreadcrumbList\",\"@id\":\"https:\\\/\\\/kekesreka.com\\\/hirlevel-feliratkozas\\\/#breadcrumb\",\"itemListElement\":[{\"@type\":\"ListItem\",\"position\":1,\"name\":\"Home\",\"item\":\"https:\\\/\\\/kekesreka.com\\\/\"},{\"@type\":\"ListItem\",\"position\":2,\"name\":\"H\u00edrlev\u00e9l Feliratkoz\u00e1s\"}]},{\"@type\":\"WebSite\",\"@id\":\"https:\\\/\\\/kekesreka.com\\\/#website\",\"url\":\"https:\\\/\\\/kekesreka.com\\\/\",\"name\":\"K\u00e9kes R\u00e9ka\",\"description\":\"Az Orgazmikus \u00c9let M\u0171v\u00e9szete\",\"publisher\":{\"@id\":\"https:\\\/\\\/kekesreka.com\\\/#organization\"},\"alternateName\":\"Szexu\u00e1lis \u00f6nismeret \u00e9s orgazmustudatoss\u00e1g K\u00e9kes R\u00e9k\u00e1val\",\"potentialAction\":[{\"@type\":\"SearchAction\",\"target\":{\"@type\":\"EntryPoint\",\"urlTemplate\":\"https:\\\/\\\/kekesreka.com\\\/?s={search_term_string}\"},\"query-input\":{\"@type\":\"PropertyValueSpecification\",\"valueRequired\":true,\"valueName\":\"search_term_string\"}}],\"inLanguage\":\"en-US\"},{\"@type\":\"Organization\",\"@id\":\"https:\\\/\\\/kekesreka.com\\\/#organization\",\"name\":\"K\u00e9kes R\u00e9ka\",\"alternateName\":\"Szexu\u00e1lis \u00f6nismeret \u00e9s orgazmustudatoss\u00e1g K\u00e9kes R\u00e9k\u00e1val\",\"url\":\"https:\\\/\\\/kekesreka.com\\\/\",\"logo\":{\"@type\":\"ImageObject\",\"inLanguage\":\"en-US\",\"@id\":\"https:\\\/\\\/kekesreka.com\\\/#\\\/schema\\\/logo\\\/image\\\/\",\"url\":\"https:\\\/\\\/kekesreka.com\\\/wp-content\\\/uploads\\\/2022\\\/08\\\/KR_logo_koptatva1fek-1024x1024.png\",\"contentUrl\":\"https:\\\/\\\/kekesreka.com\\\/wp-content\\\/uploads\\\/2022\\\/08\\\/KR_logo_koptatva1fek-1024x1024.png\",\"width\":1024,\"height\":1024,\"caption\":\"K\u00e9kes R\u00e9ka\"},\"image\":{\"@id\":\"https:\\\/\\\/kekesreka.com\\\/#\\\/schema\\\/logo\\\/image\\\/\"}}]}<\/script>\n<!-- \/ Yoast SEO Premium plugin. -->","yoast_head_json":{"title":"Newsletter Subscription - R\u00e9ka K\u00e9kes","robots":{"index":"noindex","follow":"follow"},"og_locale":"en_US","og_type":"article","og_title":"H\u00edrlev\u00e9l Feliratkoz\u00e1s","og_description":"H\u00edrlev\u00e9l feliratkoz\u00e1s 1. FELIRATKOZ\u00c1S &#8211; KEKESREKA Vezet\u00e9kn\u00e9v Keresztn\u00e9v Email Nem &#8212;F\u00e9rfiN\u0151Egy\u00e9bKor &#8212;18-3031-4041-5051-6061-7071-100Hogyan tal\u00e1lt\u00e1l r\u00e1 az oldalra? Google keres\u0151 Facebook Instagram Youtube TikTok Bar\u00e1ti aj\u00e1nl\u00e1s Szakmai aj\u00e1nl\u00e1sMilyen t\u00e9ma h\u00edvott meg t\u00e9ged? Szexu\u00e1lis \u00f6nismeret Szexu\u00e1lis fejleszt\u00e9s \u00c9rz\u00e9ki-erotikus massz\u00e1zs Szakmai \u00e9rdekl\u0151d\u00e9s Egy\u00e9bEgy\u00e9b T\u00e9ma Milyen form\u00e1ban \u00e9rdekel a t\u00e9ma? Egy\u00e9ni P\u00e1ros Csoportos Online Elolvastam az adatkezel\u00e9si t\u00e1j\u00e9koztat\u00f3t \u00e9s beleegyezem, [&hellip;]","og_url":"https:\/\/kekesreka.com\/en\/newsletter-subscription\/","og_site_name":"K\u00e9kes R\u00e9ka","article_modified_time":"2023-06-05T11:58:53+00:00","og_image":[{"url":"https:\/\/kekesreka.com\/wp-content\/uploads\/2022\/08\/KR_logo_koptatva4fek-300x300.png","type":"","width":"","height":""}],"twitter_card":"summary_large_image","schema":{"@context":"https:\/\/schema.org","@graph":[{"@type":"WebPage","@id":"https:\/\/kekesreka.com\/hirlevel-feliratkozas\/","url":"https:\/\/kekesreka.com\/hirlevel-feliratkozas\/","name":"Newsletter Subscription - R\u00e9ka K\u00e9kes","isPartOf":{"@id":"https:\/\/kekesreka.com\/#website"},"primaryImageOfPage":{"@id":"https:\/\/kekesreka.com\/hirlevel-feliratkozas\/#primaryimage"},"image":{"@id":"https:\/\/kekesreka.com\/hirlevel-feliratkozas\/#primaryimage"},"thumbnailUrl":"https:\/\/kekesreka.com\/wp-content\/uploads\/2022\/08\/KR_logo_koptatva4fek-300x300.png","datePublished":"2022-06-25T20:32:46+00:00","dateModified":"2023-06-05T11:58:53+00:00","breadcrumb":{"@id":"https:\/\/kekesreka.com\/hirlevel-feliratkozas\/#breadcrumb"},"inLanguage":"en-US","potentialAction":[{"@type":"ReadAction","target":["https:\/\/kekesreka.com\/hirlevel-feliratkozas\/"]}]},{"@type":"ImageObject","inLanguage":"en-US","@id":"https:\/\/kekesreka.com\/hirlevel-feliratkozas\/#primaryimage","url":"https:\/\/kekesreka.com\/wp-content\/uploads\/2022\/08\/KR_logo_koptatva4fek-300x300.png","contentUrl":"https:\/\/kekesreka.com\/wp-content\/uploads\/2022\/08\/KR_logo_koptatva4fek-300x300.png"},{"@type":"BreadcrumbList","@id":"https:\/\/kekesreka.com\/hirlevel-feliratkozas\/#breadcrumb","itemListElement":[{"@type":"ListItem","position":1,"name":"Home","item":"https:\/\/kekesreka.com\/"},{"@type":"ListItem","position":2,"name":"H\u00edrlev\u00e9l Feliratkoz\u00e1s"}]},{"@type":"WebSite","@id":"https:\/\/kekesreka.com\/#website","url":"https:\/\/kekesreka.com\/","name":"R\u00e9ka K\u00e9kes","description":"Az Orgazmikus \u00c9let M\u0171v\u00e9szete","publisher":{"@id":"https:\/\/kekesreka.com\/#organization"},"alternateName":"Szexu\u00e1lis \u00f6nismeret \u00e9s orgazmustudatoss\u00e1g K\u00e9kes R\u00e9k\u00e1val","potentialAction":[{"@type":"SearchAction","target":{"@type":"EntryPoint","urlTemplate":"https:\/\/kekesreka.com\/?s={search_term_string}"},"query-input":{"@type":"PropertyValueSpecification","valueRequired":true,"valueName":"search_term_string"}}],"inLanguage":"en-US"},{"@type":"Organization","@id":"https:\/\/kekesreka.com\/#organization","name":"R\u00e9ka K\u00e9kes","alternateName":"Szexu\u00e1lis \u00f6nismeret \u00e9s orgazmustudatoss\u00e1g K\u00e9kes R\u00e9k\u00e1val","url":"https:\/\/kekesreka.com\/","logo":{"@type":"ImageObject","inLanguage":"en-US","@id":"https:\/\/kekesreka.com\/#\/schema\/logo\/image\/","url":"https:\/\/kekesreka.com\/wp-content\/uploads\/2022\/08\/KR_logo_koptatva1fek-1024x1024.png","contentUrl":"https:\/\/kekesreka.com\/wp-content\/uploads\/2022\/08\/KR_logo_koptatva1fek-1024x1024.png","width":1024,"height":1024,"caption":"K\u00e9kes R\u00e9ka"},"image":{"@id":"https:\/\/kekesreka.com\/#\/schema\/logo\/image\/"}}]}},"_links":{"self":[{"href":"https:\/\/kekesreka.com\/en\/wp-json\/wp\/v2\/pages\/1203","targetHints":{"allow":["GET"]}}],"collection":[{"href":"https:\/\/kekesreka.com\/en\/wp-json\/wp\/v2\/pages"}],"about":[{"href":"https:\/\/kekesreka.com\/en\/wp-json\/wp\/v2\/types\/page"}],"author":[{"embeddable":true,"href":"https:\/\/kekesreka.com\/en\/wp-json\/wp\/v2\/users\/1"}],"replies":[{"embeddable":true,"href":"https:\/\/kekesreka.com\/en\/wp-json\/wp\/v2\/comments?post=1203"}],"version-history":[{"count":0,"href":"https:\/\/kekesreka.com\/en\/wp-json\/wp\/v2\/pages\/1203\/revisions"}],"wp:attachment":[{"href":"https:\/\/kekesreka.com\/en\/wp-json\/wp\/v2\/media?parent=1203"}],"curies":[{"name":"wp","href":"https:\/\/api.w.org\/{rel}","templated":true}]}}