{"id":10968,"date":"2022-11-24T10:52:23","date_gmt":"2022-11-24T10:52:23","guid":{"rendered":"https:\/\/kekesreka.com\/?page_id=10968"},"modified":"2025-09-03T13:46:22","modified_gmt":"2025-09-03T13:46:22","slug":"kapcsolat","status":"publish","type":"page","link":"https:\/\/kekesreka.com\/en\/kapcsolat\/","title":{"rendered":"Contact"},"content":{"rendered":"\t\t<div data-elementor-type=\"wp-page\" data-elementor-id=\"10968\" class=\"elementor elementor-10968\" data-elementor-post-type=\"page\">\n\t\t\t\t\t\t<section class=\"elementor-section elementor-top-section elementor-element elementor-element-726176b8 elementor-section-boxed elementor-section-height-default elementor-section-height-default\" data-id=\"726176b8\" data-element_type=\"section\" data-e-type=\"section\" data-settings=\"{&quot;background_background&quot;:&quot;classic&quot;}\">\n\t\t\t\t\t\t\t<div class=\"elementor-background-overlay\"><\/div>\n\t\t\t\t\t\t\t<div class=\"elementor-container elementor-column-gap-default\">\n\t\t\t\t\t<div class=\"elementor-column elementor-col-100 elementor-top-column elementor-element elementor-element-c0c2812\" data-id=\"c0c2812\" data-element_type=\"column\" data-e-type=\"column\">\n\t\t\t<div class=\"elementor-widget-wrap elementor-element-populated\">\n\t\t\t\t\t\t<div class=\"elementor-element elementor-element-5a194771 elementor-widget elementor-widget-heading\" data-id=\"5a194771\" data-element_type=\"widget\" data-e-type=\"widget\" data-widget_type=\"heading.default\">\n\t\t\t\t<div class=\"elementor-widget-container\">\n\t\t\t\t\t<h1 class=\"elementor-heading-title elementor-size-default\">Kapcsolat<\/h1>\t\t\t\t<\/div>\n\t\t\t\t<\/div>\n\t\t\t\t\t<\/div>\n\t\t<\/div>\n\t\t\t\t\t<\/div>\n\t\t<\/section>\n\t\t\t\t<section class=\"elementor-section elementor-top-section elementor-element elementor-element-36c05f47 elementor-section-boxed elementor-section-height-default elementor-section-height-default\" data-id=\"36c05f47\" data-element_type=\"section\" data-e-type=\"section\" data-settings=\"{&quot;background_background&quot;:&quot;classic&quot;}\">\n\t\t\t\t\t\t<div class=\"elementor-container elementor-column-gap-no\">\n\t\t\t\t\t<div class=\"elementor-column elementor-col-100 elementor-top-column elementor-element elementor-element-67c9482a\" data-id=\"67c9482a\" data-element_type=\"column\" data-e-type=\"column\" data-settings=\"{&quot;background_background&quot;:&quot;classic&quot;}\">\n\t\t\t<div class=\"elementor-widget-wrap elementor-element-populated\">\n\t\t\t\t\t\t<div class=\"elementor-element elementor-element-729c7b9f elementor-widget elementor-widget-image\" data-id=\"729c7b9f\" data-element_type=\"widget\" data-e-type=\"widget\" data-widget_type=\"image.default\">\n\t\t\t\t<div class=\"elementor-widget-container\">\n\t\t\t\t\t\t\t\t\t\t\t\t\t\t\t<img fetchpriority=\"high\" decoding=\"async\" width=\"241\" height=\"241\" src=\"https:\/\/kekesreka.com\/wp-content\/uploads\/2022\/08\/KR_emblema_koptatva4fek.webp\" class=\"attachment-medium size-medium wp-image-12988\" alt=\"\" srcset=\"https:\/\/kekesreka.com\/wp-content\/uploads\/2022\/08\/KR_emblema_koptatva4fek.webp 241w, https:\/\/kekesreka.com\/wp-content\/uploads\/2022\/08\/KR_emblema_koptatva4fek-150x150.webp 150w, https:\/\/kekesreka.com\/wp-content\/uploads\/2022\/08\/KR_emblema_koptatva4fek-12x12.webp 12w, https:\/\/kekesreka.com\/wp-content\/uploads\/2022\/08\/KR_emblema_koptatva4fek-100x100.webp 100w\" sizes=\"(max-width: 241px) 100vw, 241px\" \/>\t\t\t\t\t\t\t\t\t\t\t\t\t\t\t<\/div>\n\t\t\t\t<\/div>\n\t\t\t\t<div class=\"elementor-element elementor-element-0212a41 elementor-widget elementor-widget-text-editor\" data-id=\"0212a41\" data-element_type=\"widget\" data-e-type=\"widget\" data-widget_type=\"text-editor.default\">\n\t\t\t\t<div class=\"elementor-widget-container\">\n\t\t\t\t\t\t\t\t\t<p>Az \u00fczenetedet 1-3 napon bel\u00fcl feldolgozom. Ha nem \u00e9rkezne v\u00e1laszlev\u00e9l, akkor keresd azt a spam vagy prom\u00f3ci\u00f3k mapp\u00e1ban.<\/p>\t\t\t\t\t\t\t\t<\/div>\n\t\t\t\t<\/div>\n\t\t\t\t<div class=\"elementor-element elementor-element-342cdcb fluentform-widget-submit-button-full-width fluent-form-widget-step-progressbar-yes elementor-widget elementor-widget-global elementor-global-17242 elementor-widget-fluent-form-widget\" data-id=\"342cdcb\" data-element_type=\"widget\" data-e-type=\"widget\" data-no-translation=\"\" data-widget_type=\"fluent-form-widget.default\">\n\t\t\t\t<div class=\"elementor-widget-container\">\n\t\t\t\t\t<style>.elementor-element-342cdcb{display:none !important}<\/style>\t\t\t\t<\/div>\n\t\t\t\t<\/div>\n\t\t\t\t<div class=\"elementor-element elementor-element-5f730a5 fluentform-widget-submit-button-full-width fluent-form-widget-step-progressbar-yes elementor-widget elementor-widget-fluent-form-widget\" data-id=\"5f730a5\" data-element_type=\"widget\" data-e-type=\"widget\" data-no-translation=\"\" data-widget_type=\"fluent-form-widget.default\">\n\t\t\t\t<div class=\"elementor-widget-container\">\n\t\t\t\t\t\n            <div class=\"fluentform-widget-wrapper hide-placeholder fluentform-widget-custom-radio-checkbox fluentform-widget-align-default\">\n\n            \n            <div class='fluentform ff-default fluentform_wrapper_31 ffs_default_wrap'><form data-form_id=\"31\" id=\"fluentform_31\" class=\"frm-fluent-form fluent_form_31 ff-el-form-top ff_form_instance_31_2 ff-form-loading ff_has_v3_recptcha ff_has_v3_recptcha ffs_default\" data-form_instance=\"ff_form_instance_31_2\" method=\"POST\" data-recptcha_key=\"6LcH4XcsAAAAAM_E8w0soe6nYGCrL8xJaiTwDAcc\" ><fieldset  style=\"border: none!important;margin: 0!important;padding: 0!important;background-color: transparent!important;box-shadow: none!important;outline: none!important; min-inline-size: 100%;\">\n                    <legend class=\"ff_screen_reader_title\" style=\"display: block; margin: 0!important;padding: 0!important;height: 0!important;text-indent: -999999px;width: 0!important;overflow:hidden;\">3. CONTACT - KEKESREKA ENG<\/legend><input type='hidden' name='__fluent_form_embded_post_id' value='10968' \/><input type=\"hidden\" id=\"_fluentform_31_fluentformnonce\" name=\"_fluentform_31_fluentformnonce\" value=\"465bdd945b\" \/><input type=\"hidden\" name=\"_wp_http_referer\" value=\"\/en\/wp-json\/wp\/v2\/pages\/10968\" \/><div data-name=\"ff_cn_id_1\"  class='ff-t-container ff-column-container ff_columns_total_2 '><div class='ff-t-cell ff-t-column-1' style='flex-basis: 50%;'><div data-type=\"name-element\" data-name=\"names_1\" class=\" ff-field_container ff-name-field-wrapper\" ><div class='ff-t-container'><div class='ff-t-cell '><div class='ff-el-group  ff-el-form-top'><div class=\"ff-el-input--label ff-el-is-required asterisk-right\"><label for='ff_31_2_names_1_first_name_' id='label_ff_31_2_names_1_first_name_' >First Name<\/label><\/div><div class='ff-el-input--content'><input type=\"text\" name=\"names_1[first_name]\" id=\"ff_31_2_names_1_first_name_\" class=\"ff-el-form-control\" placeholder=\"First name\" aria-invalid=\"false\" aria-required=true><\/div><\/div><\/div><\/div><\/div><\/div><div class='ff-t-cell ff-t-column-2' style='flex-basis: 50%;'><div data-type=\"name-element\" data-name=\"names\" class=\" ff-field_container ff-name-field-wrapper\" ><div class='ff-t-container'><div class='ff-t-cell '><div class='ff-el-group  ff-el-form-top'><div class=\"ff-el-input--label ff-el-is-required asterisk-right\"><label for='ff_31_2_names_last_name_' id='label_ff_31_2_names_last_name_' >Last Name<\/label><\/div><div class='ff-el-input--content'><input type=\"text\" name=\"names[last_name]\" id=\"ff_31_2_names_last_name_\" class=\"ff-el-form-control\" placeholder=\"Last Name\" aria-invalid=\"false\" aria-required=true><\/div><\/div><\/div><\/div><\/div><\/div><\/div><div class='ff-el-group'><div class=\"ff-el-input--label ff-el-is-required asterisk-right\"><label for='ff_31_2_email' id='label_ff_31_2_email' aria-label=\"Email\">Email<\/label><\/div><div class='ff-el-input--content'><input type=\"email\" name=\"email\" id=\"ff_31_2_email\" class=\"ff-el-form-control\" placeholder=\"Email\" data-name=\"email\"  aria-invalid=\"false\" aria-required=true><\/div><\/div><div class='ff-el-group'><div class=\"ff-el-input--label ff-el-is-required asterisk-right\"><label for='ff_31_2_phone' id='label_ff_31_2_phone' aria-label=\"Phone Number\">Phone Number<\/label><\/div><div class='ff-el-input--content'><input name=\"phone\" class=\"ff-el-form-control ff-el-phone ff_el_with_extended_validation\" type=\"tel\" placeholder=\"Phone Number\" data-name=\"phone\" id=\"ff_31_2_phone\" inputmode=\"tel\"  aria-invalid='false' aria-required=true><\/div><\/div><div class='ff-el-group'><div class=\"ff-el-input--label ff-el-is-required asterisk-right\"><label for='ff_31_2_dropdown' id='label_ff_31_2_dropdown' aria-label=\"Gender\">Gender<\/label><\/div><div class='ff-el-input--content'><select name=\"dropdown\" id=\"ff_31_2_dropdown\" class=\"ff-el-form-control\" data-name=\"dropdown\" data-calc_value=\"0\"  aria-invalid=\"false\" aria-required=\"true\" aria-labelledby=\"label_ff_31_2_dropdown\"><option value=\"\">---<\/option><option value=\"Ferfi\"  >Male<\/option><option value=\"No\"  >Female<\/option><option value=\"Egyeb\"  >Other<\/option><\/select><\/div><\/div><div class='ff-el-group'><div class=\"ff-el-input--label ff-el-is-required asterisk-right\"><label for='ff_31_2_dropdown_2' id='label_ff_31_2_dropdown_2' aria-label=\"Age\">Age<\/label><\/div><div class='ff-el-input--content'><select name=\"dropdown_2\" id=\"ff_31_2_dropdown_2\" class=\"ff-el-form-control\" data-name=\"dropdown_2\" data-calc_value=\"0\"  aria-invalid=\"false\" aria-required=\"true\" aria-labelledby=\"label_ff_31_2_dropdown_2\"><option value=\"\">---<\/option><option value=\"18-30\"  >18-30<\/option><option value=\"31-40\"  >31-40<\/option><option value=\"41-50\"  >41-50<\/option><option value=\"51-60\"  >51-60<\/option><option value=\"61-70\"  >61-70<\/option><option value=\"70-100\"  >70-100<\/option><\/select><\/div><\/div><div class='ff-el-group'><div class=\"ff-el-input--label ff-el-is-required asterisk-right\"><label for='ff_31_2_targy' id='label_ff_31_2_targy' aria-label=\"Subject of Message\">Subject of Message<\/label><\/div><div class='ff-el-input--content'><select name=\"targy\" id=\"ff_31_2_targy\" class=\"ff-el-form-control\" data-name=\"targy\" data-calc_value=\"0\"  aria-invalid=\"false\" aria-required=\"true\" aria-labelledby=\"label_ff_31_2_targy\"><option value=\"\">---<\/option><option value=\"Sexual Self Knowledge - Bodywork\"  >Sexual Self Knowledge - Bodywork<\/option><option value=\"Sexual Self-Awareness - Discussion\"  >Sexual Self-Awareness - Discussion<\/option><option value=\"Erotic Massage\"  >Erotic Massage<\/option><option value=\"Sexual Massage\"  >Sexual Massage<\/option><option value=\"Sensual Massage\"  >Sensual Massage<\/option><option value=\"Somatic - Sexual Trauma Release - Bodywork\"  >Somatic - Sexual Trauma Release - Bodywork<\/option><option value=\"Sexual Development - Discussion\"  >Sexual Development - Discussion<\/option><option value=\"Sexual Development - Bodywork\"  >Sexual Development - Bodywork<\/option><option value=\"Other\"  >Other<\/option><\/select><\/div><\/div><div class='ff-el-group has-conditions'><div class='ff-el-input--content'><input type=\"text\" name=\"input_text\" class=\"ff-el-form-control\" placeholder=\"Please write the subject of your message here\" data-name=\"input_text\" id=\"ff_31_2_input_text\"  aria-invalid=\"false\" aria-required=false><\/div><\/div><div class='ff-el-group'><div class=\"ff-el-input--label ff-el-is-required asterisk-right\"><label for='ff_31_2_description' id='label_ff_31_2_description' aria-label=\"Message\">Message<\/label><\/div><div class='ff-el-input--content'><textarea aria-required=\"true\" aria-labelledby=\"label_ff_31_2_description\" name=\"description\" id=\"ff_31_2_description\" class=\"ff-el-form-control\" rows=\"3\" cols=\"2\" data-name=\"description\" ><\/textarea><\/div><\/div><div class='ff-el-group    ff-el-input--content'><div class='ff-el-form-check ff-el-tc'><label aria-label='Terms and Conditions: I have read the privacy policy and I agree that the kekesreka.com website may process my data and send me newsletters. Contains 1 link. Use tab navigation to review.' class='ff-el-form-check-label ff_tc_label' for=terms-n-condition_754fbd1c980ae5ead13f0cbf82e44a85><span class='ff_tc_checkbox'><input type=\"checkbox\" name=\"terms-n-condition\" class=\"ff-el-form-check-input\" data-name=\"terms-n-condition\" id=\"terms-n-condition_754fbd1c980ae5ead13f0cbf82e44a85\"  value='on' aria-invalid='false' aria-required=true><\/span> <div class='ff_t_c'>I have read the <a href=\"https:\/\/kekesreka.com\/adatvedelem\/\" target=\"_blank\" rel=\"noopener\">privacy policy<\/a> and I agree that the kekesreka.com website may process my data and send me newsletters.<\/div><\/label><\/div><\/div><div class='ff-el-group ff-text-left ff_submit_btn_wrapper'><button type=\"submit\" class=\"ff-btn ff-btn-submit ff-btn-md ff_btn_style\"  aria-label=\"Send\">Send<\/button><\/div><\/fieldset><\/form><div id='fluentform_31_errors' class='ff-errors-in-stack ff_form_instance_31_2 ff-form-loading_errors ff_form_instance_31_2_errors'><\/div><\/div>            <script type=\"text\/javascript\">\n                window.fluent_form_ff_form_instance_31_2 = {\"id\":\"31\",\"settings\":{\"layout\":{\"labelPlacement\":\"top\",\"helpMessagePlacement\":\"with_label\",\"errorMessagePlacement\":\"inline\",\"cssClassName\":\"\",\"asteriskPlacement\":\"asterisk-right\"},\"restrictions\":{\"denyEmptySubmission\":{\"enabled\":false}}},\"form_instance\":\"ff_form_instance_31_2\",\"form_id_selector\":\"fluentform_31\",\"rules\":{\"names_1[first_name]\":{\"required\":{\"value\":true,\"message\":\"This field is required.\"}},\"names_1[middle_name]\":{\"required\":{\"value\":false,\"message\":\"This field is required\"}},\"names_1[last_name]\":{\"required\":{\"value\":false,\"message\":\"This field is required\"}},\"names[first_name]\":{\"required\":{\"value\":true,\"message\":\"Ennek a mez\\u0151nek a kit\\u00f6lt\\u00e9se k\\u00f6telez\\u0151.\"}},\"names[middle_name]\":{\"required\":{\"value\":false,\"message\":\"This field is required\"}},\"names[last_name]\":{\"required\":{\"value\":true,\"message\":\"This field is required.\"}},\"email\":{\"required\":{\"value\":true,\"message\":\"Ennek a mez\\u0151nek a kit\\u00f6lt\\u00e9se k\\u00f6telez\\u0151.\"},\"email\":{\"value\":true,\"message\":\"K\\u00e9rlek, adj meg \\u00e9rv\\u00e9nyes email c\\u00edmet!\"}},\"phone\":{\"required\":{\"value\":true,\"message\":\"This field is required\"},\"valid_phone_number\":{\"value\":true,\"message\":\"Phone format not correct\"}},\"dropdown\":{\"required\":{\"value\":true,\"message\":\"Ennek a mez\\u0151nek a kit\\u00f6lt\\u00e9se k\\u00f6telez\\u0151.\"}},\"dropdown_2\":{\"required\":{\"value\":true,\"message\":\"Ennek a mez\\u0151nek a kit\\u00f6lt\\u00e9se k\\u00f6telez\\u0151.\"}},\"targy\":{\"required\":{\"value\":true,\"message\":\"Ennek a mez\\u0151nek a kit\\u00f6lt\\u00e9se k\\u00f6telez\\u0151.\"}},\"input_text\":{\"required\":{\"value\":false,\"message\":\"This field is required\"}},\"description\":{\"required\":{\"value\":true,\"message\":\"Ennek a mez\\u0151nek a kit\\u00f6lt\\u00e9se k\\u00f6telez\\u0151.\"}},\"terms-n-condition\":{\"required\":{\"value\":true,\"message\":\"Ennek a mez\\u0151nek a kit\\u00f6lt\\u00e9se k\\u00f6telez\\u0151.\"}},\"g-recaptcha-response\":[]},\"debounce_time\":300,\"conditionals\":{\"input_text\":{\"type\":\"any\",\"status\":true,\"conditions\":[{\"field\":\"targy\",\"value\":\"Egy\\u00e9b\",\"operator\":\"=\"}]}}};\n                            <\/script>\n                        <\/div>\n\n            \t\t\t\t<\/div>\n\t\t\t\t<\/div>\n\t\t\t\t<div class=\"elementor-element elementor-element-98e7bc8 elementor-widget elementor-widget-spacer\" data-id=\"98e7bc8\" data-element_type=\"widget\" data-e-type=\"widget\" data-widget_type=\"spacer.default\">\n\t\t\t\t<div class=\"elementor-widget-container\">\n\t\t\t\t\t\t\t<div class=\"elementor-spacer\">\n\t\t\t<div class=\"elementor-spacer-inner\"><\/div>\n\t\t<\/div>\n\t\t\t\t\t\t<\/div>\n\t\t\t\t<\/div>\n\t\t\t\t\t<\/div>\n\t\t<\/div>\n\t\t\t\t\t<\/div>\n\t\t<\/section>\n\t\t\t\t<\/div>\n\t\t","protected":false},"excerpt":{"rendered":"<p>Az \u00fczenetedet 1-3 napon bel\u00fcl feldolgozom. Ha nem \u00e9rkezne v\u00e1laszlev\u00e9l, akkor keresd azt a spam vagy prom\u00f3ci\u00f3k mapp\u00e1ban. 3. KAPCSOLAT &#8211; KEKESREKA Vezet\u00e9kn\u00e9vKeresztn\u00e9vEmailTelefonsz\u00e1mNem&#8212;F\u00e9rfiN\u0151Egy\u00e9bKor&#8212;18-3031-4041-5051-6061-7070-100\u00dczenet T\u00e9m\u00e1ja&#8212;Szexu\u00e1lis \u00d6nismeret &#8211; BodyworkSzexu\u00e1lis \u00d6nismeret &#8211; Besz\u00e9lget\u00e9sErotikus Massz\u00e1zsSzexu\u00e1lis Massz\u00e1zs\u00c9rz\u00e9ki Massz\u00e1zsSzomatikus &#8211; Szexu\u00e1lis Traumaold\u00e1s &#8211; BodyworkSzexu\u00e1lis Fejleszt\u00e9s &#8211; Besz\u00e9lget\u00e9sSzexu\u00e1lis Fejleszt\u00e9s &#8211; BodyworkEgy\u00e9b\u00dczenet Elolvastam az adatkezel\u00e9si t\u00e1j\u00e9koztat\u00f3t \u00e9s beleegyezem, hogy a kekesreka.com weboldal kezelje [&hellip;]<\/p>\n","protected":false},"author":1,"featured_media":0,"parent":0,"menu_order":0,"comment_status":"closed","ping_status":"closed","template":"elementor_header_footer","meta":{"_acf_changed":false,"footnotes":""},"class_list":["post-10968","page","type-page","status-publish","hentry"],"acf":[],"yoast_head":"<!-- This site is optimized with the Yoast SEO Premium plugin v27.2 (Yoast SEO v27.3) - https:\/\/yoast.com\/product\/yoast-seo-premium-wordpress\/ -->\n<title>Kapcsolat - K\u00e9kes R\u00e9ka<\/title>\n<meta name=\"robots\" content=\"noindex, nofollow\" \/>\n<meta property=\"og:locale\" content=\"en_US\" \/>\n<meta property=\"og:type\" content=\"article\" \/>\n<meta property=\"og:title\" content=\"Kapcsolat\" \/>\n<meta property=\"og:description\" content=\"Az \u00fczenetedet 1-3 napon bel\u00fcl feldolgozom. Ha nem \u00e9rkezne v\u00e1laszlev\u00e9l, akkor keresd azt a spam vagy prom\u00f3ci\u00f3k mapp\u00e1ban. 3. KAPCSOLAT &#8211; KEKESREKA Vezet\u00e9kn\u00e9vKeresztn\u00e9vEmailTelefonsz\u00e1mNem&#8212;F\u00e9rfiN\u0151Egy\u00e9bKor&#8212;18-3031-4041-5051-6061-7070-100\u00dczenet T\u00e9m\u00e1ja&#8212;Szexu\u00e1lis \u00d6nismeret &#8211; BodyworkSzexu\u00e1lis \u00d6nismeret &#8211; Besz\u00e9lget\u00e9sErotikus Massz\u00e1zsSzexu\u00e1lis Massz\u00e1zs\u00c9rz\u00e9ki Massz\u00e1zsSzomatikus &#8211; Szexu\u00e1lis Traumaold\u00e1s &#8211; BodyworkSzexu\u00e1lis Fejleszt\u00e9s &#8211; Besz\u00e9lget\u00e9sSzexu\u00e1lis Fejleszt\u00e9s &#8211; BodyworkEgy\u00e9b\u00dczenet Elolvastam az adatkezel\u00e9si t\u00e1j\u00e9koztat\u00f3t \u00e9s beleegyezem, hogy a kekesreka.com weboldal kezelje [&hellip;]\" \/>\n<meta property=\"og:url\" content=\"https:\/\/kekesreka.com\/en\/contact\/\" \/>\n<meta property=\"og:site_name\" content=\"K\u00e9kes R\u00e9ka\" \/>\n<meta property=\"article:modified_time\" content=\"2025-09-03T13:46:22+00:00\" \/>\n<meta property=\"og:image\" content=\"https:\/\/kekesreka.com\/wp-content\/uploads\/2022\/08\/KR_emblema_koptatva4fek.webp\" \/>\n\t<meta property=\"og:image:width\" content=\"241\" \/>\n\t<meta property=\"og:image:height\" content=\"241\" \/>\n\t<meta property=\"og:image:type\" content=\"image\/webp\" \/>\n<meta name=\"twitter:card\" content=\"summary_large_image\" \/>\n<script type=\"application\/ld+json\" class=\"yoast-schema-graph\">{\"@context\":\"https:\\\/\\\/schema.org\",\"@graph\":[{\"@type\":\"WebPage\",\"@id\":\"https:\\\/\\\/kekesreka.com\\\/kapcsolat\\\/\",\"url\":\"https:\\\/\\\/kekesreka.com\\\/kapcsolat\\\/\",\"name\":\"Kapcsolat - K\u00e9kes R\u00e9ka\",\"isPartOf\":{\"@id\":\"https:\\\/\\\/kekesreka.com\\\/#website\"},\"primaryImageOfPage\":{\"@id\":\"https:\\\/\\\/kekesreka.com\\\/kapcsolat\\\/#primaryimage\"},\"image\":{\"@id\":\"https:\\\/\\\/kekesreka.com\\\/kapcsolat\\\/#primaryimage\"},\"thumbnailUrl\":\"https:\\\/\\\/kekesreka.com\\\/wp-content\\\/uploads\\\/2022\\\/08\\\/KR_emblema_koptatva4fek.webp\",\"datePublished\":\"2022-11-24T10:52:23+00:00\",\"dateModified\":\"2025-09-03T13:46:22+00:00\",\"breadcrumb\":{\"@id\":\"https:\\\/\\\/kekesreka.com\\\/kapcsolat\\\/#breadcrumb\"},\"inLanguage\":\"en-US\",\"potentialAction\":[{\"@type\":\"ReadAction\",\"target\":[\"https:\\\/\\\/kekesreka.com\\\/kapcsolat\\\/\"]}]},{\"@type\":\"ImageObject\",\"inLanguage\":\"en-US\",\"@id\":\"https:\\\/\\\/kekesreka.com\\\/kapcsolat\\\/#primaryimage\",\"url\":\"https:\\\/\\\/kekesreka.com\\\/wp-content\\\/uploads\\\/2022\\\/08\\\/KR_emblema_koptatva4fek.webp\",\"contentUrl\":\"https:\\\/\\\/kekesreka.com\\\/wp-content\\\/uploads\\\/2022\\\/08\\\/KR_emblema_koptatva4fek.webp\"},{\"@type\":\"BreadcrumbList\",\"@id\":\"https:\\\/\\\/kekesreka.com\\\/kapcsolat\\\/#breadcrumb\",\"itemListElement\":[{\"@type\":\"ListItem\",\"position\":1,\"name\":\"Home\",\"item\":\"https:\\\/\\\/kekesreka.com\\\/\"},{\"@type\":\"ListItem\",\"position\":2,\"name\":\"Kapcsolat\"}]},{\"@type\":\"WebSite\",\"@id\":\"https:\\\/\\\/kekesreka.com\\\/#website\",\"url\":\"https:\\\/\\\/kekesreka.com\\\/\",\"name\":\"K\u00e9kes R\u00e9ka\",\"description\":\"Az Orgazmikus \u00c9let M\u0171v\u00e9szete\",\"publisher\":{\"@id\":\"https:\\\/\\\/kekesreka.com\\\/#organization\"},\"alternateName\":\"Szexu\u00e1lis \u00f6nismeret \u00e9s orgazmustudatoss\u00e1g K\u00e9kes R\u00e9k\u00e1val\",\"potentialAction\":[{\"@type\":\"SearchAction\",\"target\":{\"@type\":\"EntryPoint\",\"urlTemplate\":\"https:\\\/\\\/kekesreka.com\\\/?s={search_term_string}\"},\"query-input\":{\"@type\":\"PropertyValueSpecification\",\"valueRequired\":true,\"valueName\":\"search_term_string\"}}],\"inLanguage\":\"en-US\"},{\"@type\":\"Organization\",\"@id\":\"https:\\\/\\\/kekesreka.com\\\/#organization\",\"name\":\"K\u00e9kes R\u00e9ka\",\"alternateName\":\"Szexu\u00e1lis \u00f6nismeret \u00e9s orgazmustudatoss\u00e1g K\u00e9kes R\u00e9k\u00e1val\",\"url\":\"https:\\\/\\\/kekesreka.com\\\/\",\"logo\":{\"@type\":\"ImageObject\",\"inLanguage\":\"en-US\",\"@id\":\"https:\\\/\\\/kekesreka.com\\\/#\\\/schema\\\/logo\\\/image\\\/\",\"url\":\"https:\\\/\\\/kekesreka.com\\\/wp-content\\\/uploads\\\/2022\\\/08\\\/KR_logo_koptatva1fek-1024x1024.png\",\"contentUrl\":\"https:\\\/\\\/kekesreka.com\\\/wp-content\\\/uploads\\\/2022\\\/08\\\/KR_logo_koptatva1fek-1024x1024.png\",\"width\":1024,\"height\":1024,\"caption\":\"K\u00e9kes R\u00e9ka\"},\"image\":{\"@id\":\"https:\\\/\\\/kekesreka.com\\\/#\\\/schema\\\/logo\\\/image\\\/\"}}]}<\/script>\n<!-- \/ Yoast SEO Premium plugin. -->","yoast_head_json":{"title":"Contact - R\u00e9ka K\u00e9kes","robots":{"index":"noindex","follow":"nofollow"},"og_locale":"en_US","og_type":"article","og_title":"Kapcsolat","og_description":"Az \u00fczenetedet 1-3 napon bel\u00fcl feldolgozom. Ha nem \u00e9rkezne v\u00e1laszlev\u00e9l, akkor keresd azt a spam vagy prom\u00f3ci\u00f3k mapp\u00e1ban. 3. KAPCSOLAT &#8211; KEKESREKA Vezet\u00e9kn\u00e9vKeresztn\u00e9vEmailTelefonsz\u00e1mNem&#8212;F\u00e9rfiN\u0151Egy\u00e9bKor&#8212;18-3031-4041-5051-6061-7070-100\u00dczenet T\u00e9m\u00e1ja&#8212;Szexu\u00e1lis \u00d6nismeret &#8211; BodyworkSzexu\u00e1lis \u00d6nismeret &#8211; Besz\u00e9lget\u00e9sErotikus Massz\u00e1zsSzexu\u00e1lis Massz\u00e1zs\u00c9rz\u00e9ki Massz\u00e1zsSzomatikus &#8211; Szexu\u00e1lis Traumaold\u00e1s &#8211; BodyworkSzexu\u00e1lis Fejleszt\u00e9s &#8211; Besz\u00e9lget\u00e9sSzexu\u00e1lis Fejleszt\u00e9s &#8211; BodyworkEgy\u00e9b\u00dczenet Elolvastam az adatkezel\u00e9si t\u00e1j\u00e9koztat\u00f3t \u00e9s beleegyezem, hogy a kekesreka.com weboldal kezelje [&hellip;]","og_url":"https:\/\/kekesreka.com\/en\/contact\/","og_site_name":"K\u00e9kes R\u00e9ka","article_modified_time":"2025-09-03T13:46:22+00:00","og_image":[{"width":241,"height":241,"url":"https:\/\/kekesreka.com\/wp-content\/uploads\/2022\/08\/KR_emblema_koptatva4fek.webp","type":"image\/webp"}],"twitter_card":"summary_large_image","schema":{"@context":"https:\/\/schema.org","@graph":[{"@type":"WebPage","@id":"https:\/\/kekesreka.com\/kapcsolat\/","url":"https:\/\/kekesreka.com\/kapcsolat\/","name":"Contact - R\u00e9ka K\u00e9kes","isPartOf":{"@id":"https:\/\/kekesreka.com\/#website"},"primaryImageOfPage":{"@id":"https:\/\/kekesreka.com\/kapcsolat\/#primaryimage"},"image":{"@id":"https:\/\/kekesreka.com\/kapcsolat\/#primaryimage"},"thumbnailUrl":"https:\/\/kekesreka.com\/wp-content\/uploads\/2022\/08\/KR_emblema_koptatva4fek.webp","datePublished":"2022-11-24T10:52:23+00:00","dateModified":"2025-09-03T13:46:22+00:00","breadcrumb":{"@id":"https:\/\/kekesreka.com\/kapcsolat\/#breadcrumb"},"inLanguage":"en-US","potentialAction":[{"@type":"ReadAction","target":["https:\/\/kekesreka.com\/kapcsolat\/"]}]},{"@type":"ImageObject","inLanguage":"en-US","@id":"https:\/\/kekesreka.com\/kapcsolat\/#primaryimage","url":"https:\/\/kekesreka.com\/wp-content\/uploads\/2022\/08\/KR_emblema_koptatva4fek.webp","contentUrl":"https:\/\/kekesreka.com\/wp-content\/uploads\/2022\/08\/KR_emblema_koptatva4fek.webp"},{"@type":"BreadcrumbList","@id":"https:\/\/kekesreka.com\/kapcsolat\/#breadcrumb","itemListElement":[{"@type":"ListItem","position":1,"name":"Home","item":"https:\/\/kekesreka.com\/"},{"@type":"ListItem","position":2,"name":"Kapcsolat"}]},{"@type":"WebSite","@id":"https:\/\/kekesreka.com\/#website","url":"https:\/\/kekesreka.com\/","name":"R\u00e9ka K\u00e9kes","description":"Az Orgazmikus \u00c9let M\u0171v\u00e9szete","publisher":{"@id":"https:\/\/kekesreka.com\/#organization"},"alternateName":"Szexu\u00e1lis \u00f6nismeret \u00e9s orgazmustudatoss\u00e1g K\u00e9kes R\u00e9k\u00e1val","potentialAction":[{"@type":"SearchAction","target":{"@type":"EntryPoint","urlTemplate":"https:\/\/kekesreka.com\/?s={search_term_string}"},"query-input":{"@type":"PropertyValueSpecification","valueRequired":true,"valueName":"search_term_string"}}],"inLanguage":"en-US"},{"@type":"Organization","@id":"https:\/\/kekesreka.com\/#organization","name":"R\u00e9ka K\u00e9kes","alternateName":"Szexu\u00e1lis \u00f6nismeret \u00e9s orgazmustudatoss\u00e1g K\u00e9kes R\u00e9k\u00e1val","url":"https:\/\/kekesreka.com\/","logo":{"@type":"ImageObject","inLanguage":"en-US","@id":"https:\/\/kekesreka.com\/#\/schema\/logo\/image\/","url":"https:\/\/kekesreka.com\/wp-content\/uploads\/2022\/08\/KR_logo_koptatva1fek-1024x1024.png","contentUrl":"https:\/\/kekesreka.com\/wp-content\/uploads\/2022\/08\/KR_logo_koptatva1fek-1024x1024.png","width":1024,"height":1024,"caption":"K\u00e9kes R\u00e9ka"},"image":{"@id":"https:\/\/kekesreka.com\/#\/schema\/logo\/image\/"}}]}},"_links":{"self":[{"href":"https:\/\/kekesreka.com\/en\/wp-json\/wp\/v2\/pages\/10968","targetHints":{"allow":["GET"]}}],"collection":[{"href":"https:\/\/kekesreka.com\/en\/wp-json\/wp\/v2\/pages"}],"about":[{"href":"https:\/\/kekesreka.com\/en\/wp-json\/wp\/v2\/types\/page"}],"author":[{"embeddable":true,"href":"https:\/\/kekesreka.com\/en\/wp-json\/wp\/v2\/users\/1"}],"replies":[{"embeddable":true,"href":"https:\/\/kekesreka.com\/en\/wp-json\/wp\/v2\/comments?post=10968"}],"version-history":[{"count":51,"href":"https:\/\/kekesreka.com\/en\/wp-json\/wp\/v2\/pages\/10968\/revisions"}],"predecessor-version":[{"id":24087,"href":"https:\/\/kekesreka.com\/en\/wp-json\/wp\/v2\/pages\/10968\/revisions\/24087"}],"wp:attachment":[{"href":"https:\/\/kekesreka.com\/en\/wp-json\/wp\/v2\/media?parent=10968"}],"curies":[{"name":"wp","href":"https:\/\/api.w.org\/{rel}","templated":true}]}}